{"id":31008,"date":"2022-01-07T09:09:44","date_gmt":"2022-01-07T12:09:44","guid":{"rendered":"https:\/\/www.museuhistoricosl.com.br\/loja\/produto\/sl048-fd-0070\/"},"modified":"2022-01-07T09:09:44","modified_gmt":"2022-01-07T12:09:44","slug":"sl048-fd-0070","status":"publish","type":"product","link":"https:\/\/www.museuhistoricosl.com.br\/loja\/produto\/sl048-fd-0070\/","title":{"rendered":"SL048-FD-0070"},"content":{"rendered":"<p>Foto (lembran\u00e7a) destinada \u00e0 Ilsa M\u00fcller, de S\u00e3o Leopoldo. No verso consta a dedicat\u00f3ria &#8220;\u00e0s queridas amiguinhas Ilsa e Maria oferece a Gerdinha, 05\/09\/1929&#8221;.  &#8211; C\u00f3digo anterior de cat\u00e1logo:FD 48-70; Fundo Fam\u00edlia Cerqueira Russo; <\/p>\n","protected":false},"excerpt":{"rendered":"<p>Foto (lembran\u00e7a) destinada \u00e0 Ilsa M\u00fcller, de S\u00e3o Leopoldo. No verso consta a dedicat\u00f3ria &#8220;\u00e0s queridas amiguinhas Ilsa e Maria<\/p>\n","protected":false},"featured_media":31007,"comment_status":"open","ping_status":"closed","template":"","meta":{"_acf_changed":false},"product_cat":[69],"product_tag":[],"class_list":["post-31008","product","type-product","status-publish","has-post-thumbnail","hentry","product_cat-fundo-familia-cerqueira-russo"],"acf":[],"_links":{"self":[{"href":"https:\/\/www.museuhistoricosl.com.br\/loja\/wp-json\/wp\/v2\/product\/31008","targetHints":{"allow":["GET"]}}],"collection":[{"href":"https:\/\/www.museuhistoricosl.com.br\/loja\/wp-json\/wp\/v2\/product"}],"about":[{"href":"https:\/\/www.museuhistoricosl.com.br\/loja\/wp-json\/wp\/v2\/types\/product"}],"replies":[{"embeddable":true,"href":"https:\/\/www.museuhistoricosl.com.br\/loja\/wp-json\/wp\/v2\/comments?post=31008"}],"wp:featuredmedia":[{"embeddable":true,"href":"https:\/\/www.museuhistoricosl.com.br\/loja\/wp-json\/wp\/v2\/media\/31007"}],"wp:attachment":[{"href":"https:\/\/www.museuhistoricosl.com.br\/loja\/wp-json\/wp\/v2\/media?parent=31008"}],"wp:term":[{"taxonomy":"product_cat","embeddable":true,"href":"https:\/\/www.museuhistoricosl.com.br\/loja\/wp-json\/wp\/v2\/product_cat?post=31008"},{"taxonomy":"product_tag","embeddable":true,"href":"https:\/\/www.museuhistoricosl.com.br\/loja\/wp-json\/wp\/v2\/product_tag?post=31008"}],"curies":[{"name":"wp","href":"https:\/\/api.w.org\/{rel}","templated":true}]}}