{"id":31006,"date":"2022-01-07T09:09:43","date_gmt":"2022-01-07T12:09:43","guid":{"rendered":"https:\/\/www.museuhistoricosl.com.br\/loja\/produto\/sl048-fd-0069\/"},"modified":"2022-01-07T09:09:43","modified_gmt":"2022-01-07T12:09:43","slug":"sl048-fd-0069","status":"publish","type":"product","link":"https:\/\/www.museuhistoricosl.com.br\/loja\/produto\/sl048-fd-0069\/","title":{"rendered":"SL048-FD-0069"},"content":{"rendered":"<p>Foto (lembran\u00e7a) destinada \u00e0 Maria M\u00fcller, de S\u00e3o Leopoldo. No verso consta a dedicat\u00f3ria &#8220;\u00e0s queridas amiguinhas Ilsa e Maria oferece a Lucy, 05\/09\/1929&#8221;. &#8211; C\u00f3digo anterior de cat\u00e1logo:FD 48-69; Fundo Fam\u00edlia Cerqueira Russo; <\/p>\n","protected":false},"excerpt":{"rendered":"<p>Foto (lembran\u00e7a) destinada \u00e0 Maria M\u00fcller, de S\u00e3o Leopoldo. No verso consta a dedicat\u00f3ria &#8220;\u00e0s queridas amiguinhas Ilsa e Maria<\/p>\n","protected":false},"featured_media":31005,"comment_status":"open","ping_status":"closed","template":"","meta":{"_acf_changed":false},"product_cat":[69],"product_tag":[],"class_list":["post-31006","product","type-product","status-publish","has-post-thumbnail","hentry","product_cat-fundo-familia-cerqueira-russo"],"acf":[],"_links":{"self":[{"href":"https:\/\/www.museuhistoricosl.com.br\/loja\/wp-json\/wp\/v2\/product\/31006","targetHints":{"allow":["GET"]}}],"collection":[{"href":"https:\/\/www.museuhistoricosl.com.br\/loja\/wp-json\/wp\/v2\/product"}],"about":[{"href":"https:\/\/www.museuhistoricosl.com.br\/loja\/wp-json\/wp\/v2\/types\/product"}],"replies":[{"embeddable":true,"href":"https:\/\/www.museuhistoricosl.com.br\/loja\/wp-json\/wp\/v2\/comments?post=31006"}],"wp:featuredmedia":[{"embeddable":true,"href":"https:\/\/www.museuhistoricosl.com.br\/loja\/wp-json\/wp\/v2\/media\/31005"}],"wp:attachment":[{"href":"https:\/\/www.museuhistoricosl.com.br\/loja\/wp-json\/wp\/v2\/media?parent=31006"}],"wp:term":[{"taxonomy":"product_cat","embeddable":true,"href":"https:\/\/www.museuhistoricosl.com.br\/loja\/wp-json\/wp\/v2\/product_cat?post=31006"},{"taxonomy":"product_tag","embeddable":true,"href":"https:\/\/www.museuhistoricosl.com.br\/loja\/wp-json\/wp\/v2\/product_tag?post=31006"}],"curies":[{"name":"wp","href":"https:\/\/api.w.org\/{rel}","templated":true}]}}