{"id":31000,"date":"2022-01-07T09:09:41","date_gmt":"2022-01-07T12:09:41","guid":{"rendered":"https:\/\/www.museuhistoricosl.com.br\/loja\/produto\/sl048-fd-0066\/"},"modified":"2022-01-07T09:09:41","modified_gmt":"2022-01-07T12:09:41","slug":"sl048-fd-0066","status":"publish","type":"product","link":"https:\/\/www.museuhistoricosl.com.br\/loja\/produto\/sl048-fd-0066\/","title":{"rendered":"SL048-FD-0066"},"content":{"rendered":"<p>Visita do presidente Get\u00falio Vargas (no centro da foto) ao munic\u00edpio de Rio Grande, em 1953. Atr\u00e1s de Get\u00falio Vargas (de \u00f3culos), o ent\u00e3o governador do Rio Grande do Sul, coronel Ernesto Dorneles (primo de Get\u00falio Vargas).  &#8211; C\u00f3digo anterior de cat\u00e1logo:FD 48-66; Fundo Fam\u00edlia Cerqueira Russo; <\/p>\n","protected":false},"excerpt":{"rendered":"<p>Visita do presidente Get\u00falio Vargas (no centro da foto) ao munic\u00edpio de Rio Grande, em 1953. Atr\u00e1s de Get\u00falio Vargas<\/p>\n","protected":false},"featured_media":30999,"comment_status":"open","ping_status":"closed","template":"","meta":{"_acf_changed":false},"product_cat":[69],"product_tag":[],"class_list":["post-31000","product","type-product","status-publish","has-post-thumbnail","hentry","product_cat-fundo-familia-cerqueira-russo"],"acf":[],"_links":{"self":[{"href":"https:\/\/www.museuhistoricosl.com.br\/loja\/wp-json\/wp\/v2\/product\/31000","targetHints":{"allow":["GET"]}}],"collection":[{"href":"https:\/\/www.museuhistoricosl.com.br\/loja\/wp-json\/wp\/v2\/product"}],"about":[{"href":"https:\/\/www.museuhistoricosl.com.br\/loja\/wp-json\/wp\/v2\/types\/product"}],"replies":[{"embeddable":true,"href":"https:\/\/www.museuhistoricosl.com.br\/loja\/wp-json\/wp\/v2\/comments?post=31000"}],"wp:featuredmedia":[{"embeddable":true,"href":"https:\/\/www.museuhistoricosl.com.br\/loja\/wp-json\/wp\/v2\/media\/30999"}],"wp:attachment":[{"href":"https:\/\/www.museuhistoricosl.com.br\/loja\/wp-json\/wp\/v2\/media?parent=31000"}],"wp:term":[{"taxonomy":"product_cat","embeddable":true,"href":"https:\/\/www.museuhistoricosl.com.br\/loja\/wp-json\/wp\/v2\/product_cat?post=31000"},{"taxonomy":"product_tag","embeddable":true,"href":"https:\/\/www.museuhistoricosl.com.br\/loja\/wp-json\/wp\/v2\/product_tag?post=31000"}],"curies":[{"name":"wp","href":"https:\/\/api.w.org\/{rel}","templated":true}]}}