{"id":30982,"date":"2022-01-07T09:09:35","date_gmt":"2022-01-07T12:09:35","guid":{"rendered":"https:\/\/www.museuhistoricosl.com.br\/loja\/produto\/sl048-fd-0057\/"},"modified":"2022-01-07T09:09:35","modified_gmt":"2022-01-07T12:09:35","slug":"sl048-fd-0057","status":"publish","type":"product","link":"https:\/\/www.museuhistoricosl.com.br\/loja\/produto\/sl048-fd-0057\/","title":{"rendered":"SL048-FD-0057"},"content":{"rendered":"<p>Fotografia de Braz Russo em Rio Grande.  &#8211; C\u00f3digo anterior de cat\u00e1logo:FD 48-57; Fundo Fam\u00edlia Cerqueira Russo; <\/p>\n","protected":false},"excerpt":{"rendered":"<p>Fotografia de Braz Russo em Rio Grande. &#8211; C\u00f3digo anterior de cat\u00e1logo:FD 48-57; Fundo Fam\u00edlia Cerqueira Russo;<\/p>\n","protected":false},"featured_media":30981,"comment_status":"open","ping_status":"closed","template":"","meta":{"_acf_changed":false},"product_cat":[69],"product_tag":[],"class_list":["post-30982","product","type-product","status-publish","has-post-thumbnail","hentry","product_cat-fundo-familia-cerqueira-russo"],"acf":[],"_links":{"self":[{"href":"https:\/\/www.museuhistoricosl.com.br\/loja\/wp-json\/wp\/v2\/product\/30982","targetHints":{"allow":["GET"]}}],"collection":[{"href":"https:\/\/www.museuhistoricosl.com.br\/loja\/wp-json\/wp\/v2\/product"}],"about":[{"href":"https:\/\/www.museuhistoricosl.com.br\/loja\/wp-json\/wp\/v2\/types\/product"}],"replies":[{"embeddable":true,"href":"https:\/\/www.museuhistoricosl.com.br\/loja\/wp-json\/wp\/v2\/comments?post=30982"}],"wp:featuredmedia":[{"embeddable":true,"href":"https:\/\/www.museuhistoricosl.com.br\/loja\/wp-json\/wp\/v2\/media\/30981"}],"wp:attachment":[{"href":"https:\/\/www.museuhistoricosl.com.br\/loja\/wp-json\/wp\/v2\/media?parent=30982"}],"wp:term":[{"taxonomy":"product_cat","embeddable":true,"href":"https:\/\/www.museuhistoricosl.com.br\/loja\/wp-json\/wp\/v2\/product_cat?post=30982"},{"taxonomy":"product_tag","embeddable":true,"href":"https:\/\/www.museuhistoricosl.com.br\/loja\/wp-json\/wp\/v2\/product_tag?post=30982"}],"curies":[{"name":"wp","href":"https:\/\/api.w.org\/{rel}","templated":true}]}}