{"id":30944,"date":"2022-01-07T09:09:19","date_gmt":"2022-01-07T12:09:19","guid":{"rendered":"https:\/\/www.museuhistoricosl.com.br\/loja\/produto\/sl048-fd-0037\/"},"modified":"2022-01-07T09:09:19","modified_gmt":"2022-01-07T12:09:19","slug":"sl048-fd-0037","status":"publish","type":"product","link":"https:\/\/www.museuhistoricosl.com.br\/loja\/produto\/sl048-fd-0037\/","title":{"rendered":"SL048-FD-0037"},"content":{"rendered":"<p>Lembran\u00e7a de Primeira Comunh\u00e3o de Gevony e Nadilia (S\u00e3o Leopoldo, 08\/06\/1933), oferecida \u00e0 Ilsa e Maria M\u00fcller (foto que fez parte dos pertences de Ilsa M\u00fcller).  &#8211; C\u00f3digo anterior de cat\u00e1logo:FD 48-37; Fundo Fam\u00edlia Cerqueira Russo; <\/p>\n","protected":false},"excerpt":{"rendered":"<p>Lembran\u00e7a de Primeira Comunh\u00e3o de Gevony e Nadilia (S\u00e3o Leopoldo, 08\/06\/1933), oferecida \u00e0 Ilsa e Maria M\u00fcller (foto que fez<\/p>\n","protected":false},"featured_media":30943,"comment_status":"open","ping_status":"closed","template":"","meta":{"_acf_changed":false},"product_cat":[69],"product_tag":[],"class_list":["post-30944","product","type-product","status-publish","has-post-thumbnail","hentry","product_cat-fundo-familia-cerqueira-russo"],"acf":[],"_links":{"self":[{"href":"https:\/\/www.museuhistoricosl.com.br\/loja\/wp-json\/wp\/v2\/product\/30944","targetHints":{"allow":["GET"]}}],"collection":[{"href":"https:\/\/www.museuhistoricosl.com.br\/loja\/wp-json\/wp\/v2\/product"}],"about":[{"href":"https:\/\/www.museuhistoricosl.com.br\/loja\/wp-json\/wp\/v2\/types\/product"}],"replies":[{"embeddable":true,"href":"https:\/\/www.museuhistoricosl.com.br\/loja\/wp-json\/wp\/v2\/comments?post=30944"}],"wp:featuredmedia":[{"embeddable":true,"href":"https:\/\/www.museuhistoricosl.com.br\/loja\/wp-json\/wp\/v2\/media\/30943"}],"wp:attachment":[{"href":"https:\/\/www.museuhistoricosl.com.br\/loja\/wp-json\/wp\/v2\/media?parent=30944"}],"wp:term":[{"taxonomy":"product_cat","embeddable":true,"href":"https:\/\/www.museuhistoricosl.com.br\/loja\/wp-json\/wp\/v2\/product_cat?post=30944"},{"taxonomy":"product_tag","embeddable":true,"href":"https:\/\/www.museuhistoricosl.com.br\/loja\/wp-json\/wp\/v2\/product_tag?post=30944"}],"curies":[{"name":"wp","href":"https:\/\/api.w.org\/{rel}","templated":true}]}}