{"id":30932,"date":"2022-01-07T09:09:14","date_gmt":"2022-01-07T12:09:14","guid":{"rendered":"https:\/\/www.museuhistoricosl.com.br\/loja\/produto\/sl048-fd-0031\/"},"modified":"2022-01-07T09:09:14","modified_gmt":"2022-01-07T12:09:14","slug":"sl048-fd-0031","status":"publish","type":"product","link":"https:\/\/www.museuhistoricosl.com.br\/loja\/produto\/sl048-fd-0031\/","title":{"rendered":"SL048-FD-0031"},"content":{"rendered":"<p>Foto da Ponte Get\u00falio Vargas (tamb\u00e9m chamada Ponte do Gua\u00edba) sobre o Lago Gua\u00edba, em Porto Alegre. Foto tirada no momento em que um trecho da estrutura da ponte \u00e9 elevado no v\u00e3o m\u00f3vel, permitindo a passagem de embarca\u00e7\u00f5es de maior altura por baixo da ponte. &#8211; C\u00f3digo anterior de cat\u00e1logo:FD 48-31; Fundo Fam\u00edlia Cerqueira Russo; <\/p>\n","protected":false},"excerpt":{"rendered":"<p>Foto da Ponte Get\u00falio Vargas (tamb\u00e9m chamada Ponte do Gua\u00edba) sobre o Lago Gua\u00edba, em Porto Alegre. Foto tirada no<\/p>\n","protected":false},"featured_media":30931,"comment_status":"open","ping_status":"closed","template":"","meta":{"_acf_changed":false},"product_cat":[69],"product_tag":[],"class_list":["post-30932","product","type-product","status-publish","has-post-thumbnail","hentry","product_cat-fundo-familia-cerqueira-russo"],"acf":[],"_links":{"self":[{"href":"https:\/\/www.museuhistoricosl.com.br\/loja\/wp-json\/wp\/v2\/product\/30932","targetHints":{"allow":["GET"]}}],"collection":[{"href":"https:\/\/www.museuhistoricosl.com.br\/loja\/wp-json\/wp\/v2\/product"}],"about":[{"href":"https:\/\/www.museuhistoricosl.com.br\/loja\/wp-json\/wp\/v2\/types\/product"}],"replies":[{"embeddable":true,"href":"https:\/\/www.museuhistoricosl.com.br\/loja\/wp-json\/wp\/v2\/comments?post=30932"}],"wp:featuredmedia":[{"embeddable":true,"href":"https:\/\/www.museuhistoricosl.com.br\/loja\/wp-json\/wp\/v2\/media\/30931"}],"wp:attachment":[{"href":"https:\/\/www.museuhistoricosl.com.br\/loja\/wp-json\/wp\/v2\/media?parent=30932"}],"wp:term":[{"taxonomy":"product_cat","embeddable":true,"href":"https:\/\/www.museuhistoricosl.com.br\/loja\/wp-json\/wp\/v2\/product_cat?post=30932"},{"taxonomy":"product_tag","embeddable":true,"href":"https:\/\/www.museuhistoricosl.com.br\/loja\/wp-json\/wp\/v2\/product_tag?post=30932"}],"curies":[{"name":"wp","href":"https:\/\/api.w.org\/{rel}","templated":true}]}}