{"id":30880,"date":"2022-01-07T09:08:54","date_gmt":"2022-01-07T12:08:54","guid":{"rendered":"https:\/\/www.museuhistoricosl.com.br\/loja\/produto\/sl048-fd-0005\/"},"modified":"2022-01-07T09:08:54","modified_gmt":"2022-01-07T12:08:54","slug":"sl048-fd-0005","status":"publish","type":"product","link":"https:\/\/www.museuhistoricosl.com.br\/loja\/produto\/sl048-fd-0005\/","title":{"rendered":"SL048-FD-0005"},"content":{"rendered":"<p>Major Klemann e general Jos\u00e9 Ant\u00f4nio Mattos Netto, conhecido como Zeca Netto, em Pelotas, em 29\/10\/1923, durante a guerra civil de 1923. Zeca Netto era um dos l\u00edderes maragatos (federalistas\/libertadores), que combatiam os chimangos, favor\u00e1veis ao ent\u00e3o presidente (governador) do estado do Rio Grande do Sul, Ant\u00f4nio Augusto Borges de Medeiros, do Partido Republicano Rio-grandense (PRR). &#8211; C\u00f3digo anterior de cat\u00e1logo:FD 48-5; Fundo Fam\u00edlia Cerqueira Russo; <\/p>\n","protected":false},"excerpt":{"rendered":"<p>Major Klemann e general Jos\u00e9 Ant\u00f4nio Mattos Netto, conhecido como Zeca Netto, em Pelotas, em 29\/10\/1923, durante a guerra civil<\/p>\n","protected":false},"featured_media":30879,"comment_status":"open","ping_status":"closed","template":"","meta":{"_acf_changed":false},"product_cat":[69],"product_tag":[],"class_list":["post-30880","product","type-product","status-publish","has-post-thumbnail","hentry","product_cat-fundo-familia-cerqueira-russo"],"acf":[],"_links":{"self":[{"href":"https:\/\/www.museuhistoricosl.com.br\/loja\/wp-json\/wp\/v2\/product\/30880","targetHints":{"allow":["GET"]}}],"collection":[{"href":"https:\/\/www.museuhistoricosl.com.br\/loja\/wp-json\/wp\/v2\/product"}],"about":[{"href":"https:\/\/www.museuhistoricosl.com.br\/loja\/wp-json\/wp\/v2\/types\/product"}],"replies":[{"embeddable":true,"href":"https:\/\/www.museuhistoricosl.com.br\/loja\/wp-json\/wp\/v2\/comments?post=30880"}],"wp:featuredmedia":[{"embeddable":true,"href":"https:\/\/www.museuhistoricosl.com.br\/loja\/wp-json\/wp\/v2\/media\/30879"}],"wp:attachment":[{"href":"https:\/\/www.museuhistoricosl.com.br\/loja\/wp-json\/wp\/v2\/media?parent=30880"}],"wp:term":[{"taxonomy":"product_cat","embeddable":true,"href":"https:\/\/www.museuhistoricosl.com.br\/loja\/wp-json\/wp\/v2\/product_cat?post=30880"},{"taxonomy":"product_tag","embeddable":true,"href":"https:\/\/www.museuhistoricosl.com.br\/loja\/wp-json\/wp\/v2\/product_tag?post=30880"}],"curies":[{"name":"wp","href":"https:\/\/api.w.org\/{rel}","templated":true}]}}