{"id":30865,"date":"2022-01-07T08:59:31","date_gmt":"2022-01-07T11:59:31","guid":{"rendered":"https:\/\/www.museuhistoricosl.com.br\/loja\/produto\/sl040-fd-0079\/"},"modified":"2022-01-07T08:59:31","modified_gmt":"2022-01-07T11:59:31","slug":"sl040-fd-0079","status":"publish","type":"product","link":"https:\/\/www.museuhistoricosl.com.br\/loja\/produto\/sl040-fd-0079\/","title":{"rendered":"SL040-FD-0079"},"content":{"rendered":"<p>S\u00e3o Leopoldo, 21\/10\/1924, Irm\u00e3os: Jacob Blauth (neto), Maria Blauth Kocl, Sylim Blauth Rohrausch, Paulina Blauth Jaeger &#8211; C\u00f3digo anterior de cat\u00e1logo:SL012-FD-0543; Fundo Fam\u00edlia Blauth; <\/p>\n","protected":false},"excerpt":{"rendered":"<p>S\u00e3o Leopoldo, 21\/10\/1924, Irm\u00e3os: Jacob Blauth (neto), Maria Blauth Kocl, Sylim Blauth Rohrausch, Paulina Blauth Jaeger &#8211; C\u00f3digo anterior de<\/p>\n","protected":false},"featured_media":30864,"comment_status":"open","ping_status":"closed","template":"","meta":{"_acf_changed":false},"product_cat":[68],"product_tag":[],"class_list":["post-30865","product","type-product","status-publish","has-post-thumbnail","hentry","product_cat-fundo-familia-blauth"],"acf":[],"_links":{"self":[{"href":"https:\/\/www.museuhistoricosl.com.br\/loja\/wp-json\/wp\/v2\/product\/30865","targetHints":{"allow":["GET"]}}],"collection":[{"href":"https:\/\/www.museuhistoricosl.com.br\/loja\/wp-json\/wp\/v2\/product"}],"about":[{"href":"https:\/\/www.museuhistoricosl.com.br\/loja\/wp-json\/wp\/v2\/types\/product"}],"replies":[{"embeddable":true,"href":"https:\/\/www.museuhistoricosl.com.br\/loja\/wp-json\/wp\/v2\/comments?post=30865"}],"wp:featuredmedia":[{"embeddable":true,"href":"https:\/\/www.museuhistoricosl.com.br\/loja\/wp-json\/wp\/v2\/media\/30864"}],"wp:attachment":[{"href":"https:\/\/www.museuhistoricosl.com.br\/loja\/wp-json\/wp\/v2\/media?parent=30865"}],"wp:term":[{"taxonomy":"product_cat","embeddable":true,"href":"https:\/\/www.museuhistoricosl.com.br\/loja\/wp-json\/wp\/v2\/product_cat?post=30865"},{"taxonomy":"product_tag","embeddable":true,"href":"https:\/\/www.museuhistoricosl.com.br\/loja\/wp-json\/wp\/v2\/product_tag?post=30865"}],"curies":[{"name":"wp","href":"https:\/\/api.w.org\/{rel}","templated":true}]}}