{"id":30851,"date":"2022-01-07T08:59:27","date_gmt":"2022-01-07T11:59:27","guid":{"rendered":"https:\/\/www.museuhistoricosl.com.br\/loja\/produto\/sl040-fd-0072\/"},"modified":"2022-01-07T08:59:27","modified_gmt":"2022-01-07T11:59:27","slug":"sl040-fd-0072","status":"publish","type":"product","link":"https:\/\/www.museuhistoricosl.com.br\/loja\/produto\/sl040-fd-0072\/","title":{"rendered":"SL040-FD-0072"},"content":{"rendered":"<p>Tramanda\u00ed, janeiro de 1931. &#8211; C\u00f3digo anterior de cat\u00e1logo:FD 40,72; Fundo Fam\u00edlia Blauth; <\/p>\n","protected":false},"excerpt":{"rendered":"<p>Tramanda\u00ed, janeiro de 1931. &#8211; C\u00f3digo anterior de cat\u00e1logo:FD 40,72; Fundo Fam\u00edlia Blauth;<\/p>\n","protected":false},"featured_media":30850,"comment_status":"open","ping_status":"closed","template":"","meta":{"_acf_changed":false},"product_cat":[68],"product_tag":[],"class_list":["post-30851","product","type-product","status-publish","has-post-thumbnail","hentry","product_cat-fundo-familia-blauth"],"acf":[],"_links":{"self":[{"href":"https:\/\/www.museuhistoricosl.com.br\/loja\/wp-json\/wp\/v2\/product\/30851","targetHints":{"allow":["GET"]}}],"collection":[{"href":"https:\/\/www.museuhistoricosl.com.br\/loja\/wp-json\/wp\/v2\/product"}],"about":[{"href":"https:\/\/www.museuhistoricosl.com.br\/loja\/wp-json\/wp\/v2\/types\/product"}],"replies":[{"embeddable":true,"href":"https:\/\/www.museuhistoricosl.com.br\/loja\/wp-json\/wp\/v2\/comments?post=30851"}],"wp:featuredmedia":[{"embeddable":true,"href":"https:\/\/www.museuhistoricosl.com.br\/loja\/wp-json\/wp\/v2\/media\/30850"}],"wp:attachment":[{"href":"https:\/\/www.museuhistoricosl.com.br\/loja\/wp-json\/wp\/v2\/media?parent=30851"}],"wp:term":[{"taxonomy":"product_cat","embeddable":true,"href":"https:\/\/www.museuhistoricosl.com.br\/loja\/wp-json\/wp\/v2\/product_cat?post=30851"},{"taxonomy":"product_tag","embeddable":true,"href":"https:\/\/www.museuhistoricosl.com.br\/loja\/wp-json\/wp\/v2\/product_tag?post=30851"}],"curies":[{"name":"wp","href":"https:\/\/api.w.org\/{rel}","templated":true}]}}