{"id":30753,"date":"2022-01-07T08:58:44","date_gmt":"2022-01-07T11:58:44","guid":{"rendered":"https:\/\/www.museuhistoricosl.com.br\/loja\/produto\/sl040-fd-0023\/"},"modified":"2022-01-07T08:58:44","modified_gmt":"2022-01-07T11:58:44","slug":"sl040-fd-0023","status":"publish","type":"product","link":"https:\/\/www.museuhistoricosl.com.br\/loja\/produto\/sl040-fd-0023\/","title":{"rendered":"SL040-FD-0023"},"content":{"rendered":"<p>Bom estado. 13\/10\/1936. &#8211; C\u00f3digo anterior de cat\u00e1logo:FD 40,23; Fundo Fam\u00edlia Blauth; <\/p>\n","protected":false},"excerpt":{"rendered":"<p>Bom estado. 13\/10\/1936. &#8211; C\u00f3digo anterior de cat\u00e1logo:FD 40,23; Fundo Fam\u00edlia Blauth;<\/p>\n","protected":false},"featured_media":30752,"comment_status":"open","ping_status":"closed","template":"","meta":{"_acf_changed":false},"product_cat":[68],"product_tag":[],"class_list":["post-30753","product","type-product","status-publish","has-post-thumbnail","hentry","product_cat-fundo-familia-blauth"],"acf":[],"_links":{"self":[{"href":"https:\/\/www.museuhistoricosl.com.br\/loja\/wp-json\/wp\/v2\/product\/30753","targetHints":{"allow":["GET"]}}],"collection":[{"href":"https:\/\/www.museuhistoricosl.com.br\/loja\/wp-json\/wp\/v2\/product"}],"about":[{"href":"https:\/\/www.museuhistoricosl.com.br\/loja\/wp-json\/wp\/v2\/types\/product"}],"replies":[{"embeddable":true,"href":"https:\/\/www.museuhistoricosl.com.br\/loja\/wp-json\/wp\/v2\/comments?post=30753"}],"wp:featuredmedia":[{"embeddable":true,"href":"https:\/\/www.museuhistoricosl.com.br\/loja\/wp-json\/wp\/v2\/media\/30752"}],"wp:attachment":[{"href":"https:\/\/www.museuhistoricosl.com.br\/loja\/wp-json\/wp\/v2\/media?parent=30753"}],"wp:term":[{"taxonomy":"product_cat","embeddable":true,"href":"https:\/\/www.museuhistoricosl.com.br\/loja\/wp-json\/wp\/v2\/product_cat?post=30753"},{"taxonomy":"product_tag","embeddable":true,"href":"https:\/\/www.museuhistoricosl.com.br\/loja\/wp-json\/wp\/v2\/product_tag?post=30753"}],"curies":[{"name":"wp","href":"https:\/\/api.w.org\/{rel}","templated":true}]}}