{"id":3069,"date":"2021-12-16T10:36:15","date_gmt":"2021-12-16T13:36:15","guid":{"rendered":"https:\/\/www.museuhistoricosl.com.br\/novosite\/produto\/sl017-fd-0009\/"},"modified":"2021-12-16T10:36:15","modified_gmt":"2021-12-16T13:36:15","slug":"sl017-fd-0009","status":"publish","type":"product","link":"https:\/\/www.museuhistoricosl.com.br\/loja\/produto\/sl017-fd-0009\/","title":{"rendered":"SL017-FD-0009"},"content":{"rendered":"<p>Casas Lomba Grande. &#8211; C\u00f3digo anterior de cat\u00e1logo:FD 17,9; Casas e Pr\u00e9dios; <\/p>\n","protected":false},"excerpt":{"rendered":"<p>Casas Lomba Grande. &#8211; C\u00f3digo anterior de cat\u00e1logo:FD 17,9; Casas e Pr\u00e9dios;<\/p>\n","protected":false},"featured_media":3068,"comment_status":"open","ping_status":"closed","template":"","meta":{"_acf_changed":false},"product_cat":[35],"product_tag":[],"class_list":["post-3069","product","type-product","status-publish","has-post-thumbnail","hentry","product_cat-casas-e-predios"],"acf":[],"_links":{"self":[{"href":"https:\/\/www.museuhistoricosl.com.br\/loja\/wp-json\/wp\/v2\/product\/3069","targetHints":{"allow":["GET"]}}],"collection":[{"href":"https:\/\/www.museuhistoricosl.com.br\/loja\/wp-json\/wp\/v2\/product"}],"about":[{"href":"https:\/\/www.museuhistoricosl.com.br\/loja\/wp-json\/wp\/v2\/types\/product"}],"replies":[{"embeddable":true,"href":"https:\/\/www.museuhistoricosl.com.br\/loja\/wp-json\/wp\/v2\/comments?post=3069"}],"wp:featuredmedia":[{"embeddable":true,"href":"https:\/\/www.museuhistoricosl.com.br\/loja\/wp-json\/wp\/v2\/media\/3068"}],"wp:attachment":[{"href":"https:\/\/www.museuhistoricosl.com.br\/loja\/wp-json\/wp\/v2\/media?parent=3069"}],"wp:term":[{"taxonomy":"product_cat","embeddable":true,"href":"https:\/\/www.museuhistoricosl.com.br\/loja\/wp-json\/wp\/v2\/product_cat?post=3069"},{"taxonomy":"product_tag","embeddable":true,"href":"https:\/\/www.museuhistoricosl.com.br\/loja\/wp-json\/wp\/v2\/product_tag?post=3069"}],"curies":[{"name":"wp","href":"https:\/\/api.w.org\/{rel}","templated":true}]}}