{"id":30688,"date":"2022-01-07T07:52:37","date_gmt":"2022-01-07T10:52:37","guid":{"rendered":"https:\/\/www.museuhistoricosl.com.br\/loja\/produto\/sl046-fd-0143\/"},"modified":"2022-01-07T07:52:37","modified_gmt":"2022-01-07T10:52:37","slug":"sl046-fd-0143","status":"publish","type":"product","link":"https:\/\/www.museuhistoricosl.com.br\/loja\/produto\/sl046-fd-0143\/","title":{"rendered":"SL046-FD-0143"},"content":{"rendered":"<p>Casa do Imigrante, Gr\u00eamio Atl\u00e9tico Mau\u00e1, antiga sede S\u00e3o Leopoldo, 12\/1991, Foto Ricardo; Feitoria Velha; <\/p>\n","protected":false},"excerpt":{"rendered":"<p>Casa do Imigrante, Gr\u00eamio Atl\u00e9tico Mau\u00e1, antiga sede S\u00e3o Leopoldo, 12\/1991, Foto Ricardo; Feitoria Velha;<\/p>\n","protected":false},"featured_media":30687,"comment_status":"open","ping_status":"closed","template":"","meta":{"_acf_changed":false},"product_cat":[67],"product_tag":[],"class_list":["post-30688","product","type-product","status-publish","has-post-thumbnail","hentry","product_cat-feitoria-velha"],"acf":[],"_links":{"self":[{"href":"https:\/\/www.museuhistoricosl.com.br\/loja\/wp-json\/wp\/v2\/product\/30688","targetHints":{"allow":["GET"]}}],"collection":[{"href":"https:\/\/www.museuhistoricosl.com.br\/loja\/wp-json\/wp\/v2\/product"}],"about":[{"href":"https:\/\/www.museuhistoricosl.com.br\/loja\/wp-json\/wp\/v2\/types\/product"}],"replies":[{"embeddable":true,"href":"https:\/\/www.museuhistoricosl.com.br\/loja\/wp-json\/wp\/v2\/comments?post=30688"}],"wp:featuredmedia":[{"embeddable":true,"href":"https:\/\/www.museuhistoricosl.com.br\/loja\/wp-json\/wp\/v2\/media\/30687"}],"wp:attachment":[{"href":"https:\/\/www.museuhistoricosl.com.br\/loja\/wp-json\/wp\/v2\/media?parent=30688"}],"wp:term":[{"taxonomy":"product_cat","embeddable":true,"href":"https:\/\/www.museuhistoricosl.com.br\/loja\/wp-json\/wp\/v2\/product_cat?post=30688"},{"taxonomy":"product_tag","embeddable":true,"href":"https:\/\/www.museuhistoricosl.com.br\/loja\/wp-json\/wp\/v2\/product_tag?post=30688"}],"curies":[{"name":"wp","href":"https:\/\/api.w.org\/{rel}","templated":true}]}}