{"id":3055,"date":"2021-12-16T10:36:14","date_gmt":"2021-12-16T13:36:14","guid":{"rendered":"https:\/\/www.museuhistoricosl.com.br\/novosite\/produto\/sl017-fd-0002\/"},"modified":"2021-12-16T10:36:14","modified_gmt":"2021-12-16T13:36:14","slug":"sl017-fd-0002","status":"publish","type":"product","link":"https:\/\/www.museuhistoricosl.com.br\/loja\/produto\/sl017-fd-0002\/","title":{"rendered":"SL017-FD-0002"},"content":{"rendered":"<p>Casa de Em\u00edlio Nabinger, Lomba Grande, 1912. Ao lado o armaz\u00e9m do mesmo. A senhora Em\u00edlia LindenmeyerNabinger, escreveu o cart\u00e3o para a filha Hedy (casada Uttpot), que estudava na Funda\u00e7\u00e3o Evang\u00e9lica, em Hamburgo Velho. A m\u00e3e diz que a viagem ao Teewald (Erval) foi muito bonita. Foram segunda-feira e voltaram quinta-feira. Ela mandou tamb\u00e9m um pacote para a filha. Por cima da casa est\u00e1 escrito: \u201cKennst Du dieses haws?\u201d(\u201cTu conheces esta casa?\u201d). &#8211; C\u00f3digo anterior de cat\u00e1logo:FD 17,2; Casas e Pr\u00e9dios; <\/p>\n","protected":false},"excerpt":{"rendered":"<p>Casa de Em\u00edlio Nabinger, Lomba Grande, 1912. Ao lado o armaz\u00e9m do mesmo. A senhora Em\u00edlia LindenmeyerNabinger, escreveu o cart\u00e3o<\/p>\n","protected":false},"featured_media":3054,"comment_status":"open","ping_status":"closed","template":"","meta":{"_acf_changed":false},"product_cat":[35],"product_tag":[],"class_list":["post-3055","product","type-product","status-publish","has-post-thumbnail","hentry","product_cat-casas-e-predios"],"acf":[],"_links":{"self":[{"href":"https:\/\/www.museuhistoricosl.com.br\/loja\/wp-json\/wp\/v2\/product\/3055","targetHints":{"allow":["GET"]}}],"collection":[{"href":"https:\/\/www.museuhistoricosl.com.br\/loja\/wp-json\/wp\/v2\/product"}],"about":[{"href":"https:\/\/www.museuhistoricosl.com.br\/loja\/wp-json\/wp\/v2\/types\/product"}],"replies":[{"embeddable":true,"href":"https:\/\/www.museuhistoricosl.com.br\/loja\/wp-json\/wp\/v2\/comments?post=3055"}],"wp:featuredmedia":[{"embeddable":true,"href":"https:\/\/www.museuhistoricosl.com.br\/loja\/wp-json\/wp\/v2\/media\/3054"}],"wp:attachment":[{"href":"https:\/\/www.museuhistoricosl.com.br\/loja\/wp-json\/wp\/v2\/media?parent=3055"}],"wp:term":[{"taxonomy":"product_cat","embeddable":true,"href":"https:\/\/www.museuhistoricosl.com.br\/loja\/wp-json\/wp\/v2\/product_cat?post=3055"},{"taxonomy":"product_tag","embeddable":true,"href":"https:\/\/www.museuhistoricosl.com.br\/loja\/wp-json\/wp\/v2\/product_tag?post=3055"}],"curies":[{"name":"wp","href":"https:\/\/api.w.org\/{rel}","templated":true}]}}