{"id":30520,"date":"2022-01-07T07:51:29","date_gmt":"2022-01-07T10:51:29","guid":{"rendered":"https:\/\/www.museuhistoricosl.com.br\/loja\/produto\/sl046-fd-0059\/"},"modified":"2022-01-07T07:51:29","modified_gmt":"2022-01-07T10:51:29","slug":"sl046-fd-0059","status":"publish","type":"product","link":"https:\/\/www.museuhistoricosl.com.br\/loja\/produto\/sl046-fd-0059\/","title":{"rendered":"SL046-FD-0059"},"content":{"rendered":"<p>Desenho da casa da Feitoria do Linho C\u00e2nhamo. &#8211; C\u00f3digo anterior de cat\u00e1logo:FD 46-59; Feitoria Velha; <\/p>\n","protected":false},"excerpt":{"rendered":"<p>Desenho da casa da Feitoria do Linho C\u00e2nhamo. &#8211; C\u00f3digo anterior de cat\u00e1logo:FD 46-59; Feitoria Velha;<\/p>\n","protected":false},"featured_media":30519,"comment_status":"open","ping_status":"closed","template":"","meta":{"_acf_changed":false},"product_cat":[67],"product_tag":[],"class_list":["post-30520","product","type-product","status-publish","has-post-thumbnail","hentry","product_cat-feitoria-velha"],"acf":[],"_links":{"self":[{"href":"https:\/\/www.museuhistoricosl.com.br\/loja\/wp-json\/wp\/v2\/product\/30520","targetHints":{"allow":["GET"]}}],"collection":[{"href":"https:\/\/www.museuhistoricosl.com.br\/loja\/wp-json\/wp\/v2\/product"}],"about":[{"href":"https:\/\/www.museuhistoricosl.com.br\/loja\/wp-json\/wp\/v2\/types\/product"}],"replies":[{"embeddable":true,"href":"https:\/\/www.museuhistoricosl.com.br\/loja\/wp-json\/wp\/v2\/comments?post=30520"}],"wp:featuredmedia":[{"embeddable":true,"href":"https:\/\/www.museuhistoricosl.com.br\/loja\/wp-json\/wp\/v2\/media\/30519"}],"wp:attachment":[{"href":"https:\/\/www.museuhistoricosl.com.br\/loja\/wp-json\/wp\/v2\/media?parent=30520"}],"wp:term":[{"taxonomy":"product_cat","embeddable":true,"href":"https:\/\/www.museuhistoricosl.com.br\/loja\/wp-json\/wp\/v2\/product_cat?post=30520"},{"taxonomy":"product_tag","embeddable":true,"href":"https:\/\/www.museuhistoricosl.com.br\/loja\/wp-json\/wp\/v2\/product_tag?post=30520"}],"curies":[{"name":"wp","href":"https:\/\/api.w.org\/{rel}","templated":true}]}}