{"id":30496,"date":"2022-01-07T07:51:21","date_gmt":"2022-01-07T10:51:21","guid":{"rendered":"https:\/\/www.museuhistoricosl.com.br\/loja\/produto\/sl046-fd-0047\/"},"modified":"2022-01-07T07:51:21","modified_gmt":"2022-01-07T10:51:21","slug":"sl046-fd-0047","status":"publish","type":"product","link":"https:\/\/www.museuhistoricosl.com.br\/loja\/produto\/sl046-fd-0047\/","title":{"rendered":"SL046-FD-0047"},"content":{"rendered":"<p>Interior da Casa da Feitoria, da esquerda para direita: &#8211; Germano Oscar Moehlecke, Presidente MHVSL, &#8211; Carlos Bento Hoffmeister, Presidente Comiss\u00e3o Estadual de festas dos 160 anos de imigra\u00e7\u00e3o;,- Telmo Lauro M\u00fcller, Dir. MHVSL, &#8211; Walter Gorenflos, embaixador, &#8211; Jair Soares, governador do Estado, &#8211; Hardy Leichtweis, vice-prefeito, &#8211; Embaixatriz Gorenflos. &#8211; C\u00f3digo anterior de cat\u00e1logo:FD 46-47; Feitoria Velha; <\/p>\n","protected":false},"excerpt":{"rendered":"<p>Interior da Casa da Feitoria, da esquerda para direita: &#8211; Germano Oscar Moehlecke, Presidente MHVSL, &#8211; Carlos Bento Hoffmeister, Presidente<\/p>\n","protected":false},"featured_media":30495,"comment_status":"open","ping_status":"closed","template":"","meta":{"_acf_changed":false},"product_cat":[67],"product_tag":[],"class_list":["post-30496","product","type-product","status-publish","has-post-thumbnail","hentry","product_cat-feitoria-velha"],"acf":[],"_links":{"self":[{"href":"https:\/\/www.museuhistoricosl.com.br\/loja\/wp-json\/wp\/v2\/product\/30496","targetHints":{"allow":["GET"]}}],"collection":[{"href":"https:\/\/www.museuhistoricosl.com.br\/loja\/wp-json\/wp\/v2\/product"}],"about":[{"href":"https:\/\/www.museuhistoricosl.com.br\/loja\/wp-json\/wp\/v2\/types\/product"}],"replies":[{"embeddable":true,"href":"https:\/\/www.museuhistoricosl.com.br\/loja\/wp-json\/wp\/v2\/comments?post=30496"}],"wp:featuredmedia":[{"embeddable":true,"href":"https:\/\/www.museuhistoricosl.com.br\/loja\/wp-json\/wp\/v2\/media\/30495"}],"wp:attachment":[{"href":"https:\/\/www.museuhistoricosl.com.br\/loja\/wp-json\/wp\/v2\/media?parent=30496"}],"wp:term":[{"taxonomy":"product_cat","embeddable":true,"href":"https:\/\/www.museuhistoricosl.com.br\/loja\/wp-json\/wp\/v2\/product_cat?post=30496"},{"taxonomy":"product_tag","embeddable":true,"href":"https:\/\/www.museuhistoricosl.com.br\/loja\/wp-json\/wp\/v2\/product_tag?post=30496"}],"curies":[{"name":"wp","href":"https:\/\/api.w.org\/{rel}","templated":true}]}}