{"id":30490,"date":"2022-01-07T07:51:19","date_gmt":"2022-01-07T10:51:19","guid":{"rendered":"https:\/\/www.museuhistoricosl.com.br\/loja\/produto\/sl046-fd-0044\/"},"modified":"2022-01-07T07:51:19","modified_gmt":"2022-01-07T10:51:19","slug":"sl046-fd-0044","status":"publish","type":"product","link":"https:\/\/www.museuhistoricosl.com.br\/loja\/produto\/sl046-fd-0044\/","title":{"rendered":"SL046-FD-0044"},"content":{"rendered":"<p>1- Lia Hoefel de Figueiredo Paz; 2 Ernst Sporket, diretor do Col\u00e9gio Sinodal, 3 P. Martin Dreher, 4 P Johannes Hasenack, 5 P. Erdmann G\u00f6tz, 6 P. Airton Zitze, 7 Sieghard Genehr, 8 Carlos Henrique Hunsche, 9 Arnildo Hoppen, 10 Yolanda Dauber, 11 Ligia Seewald, 12 Mauro Machado, 13 Heidy Gerhard TV Canal 12, 14 Inge Starck, Jornal Evang\u00e9lico &#8211; C\u00f3digo anterior de cat\u00e1logo:FD 46-44; Feitoria Velha; <\/p>\n","protected":false},"excerpt":{"rendered":"<p>1- Lia Hoefel de Figueiredo Paz; 2 Ernst Sporket, diretor do Col\u00e9gio Sinodal, 3 P. Martin Dreher, 4 P Johannes<\/p>\n","protected":false},"featured_media":30489,"comment_status":"open","ping_status":"closed","template":"","meta":{"_acf_changed":false},"product_cat":[67],"product_tag":[],"class_list":["post-30490","product","type-product","status-publish","has-post-thumbnail","hentry","product_cat-feitoria-velha"],"acf":[],"_links":{"self":[{"href":"https:\/\/www.museuhistoricosl.com.br\/loja\/wp-json\/wp\/v2\/product\/30490","targetHints":{"allow":["GET"]}}],"collection":[{"href":"https:\/\/www.museuhistoricosl.com.br\/loja\/wp-json\/wp\/v2\/product"}],"about":[{"href":"https:\/\/www.museuhistoricosl.com.br\/loja\/wp-json\/wp\/v2\/types\/product"}],"replies":[{"embeddable":true,"href":"https:\/\/www.museuhistoricosl.com.br\/loja\/wp-json\/wp\/v2\/comments?post=30490"}],"wp:featuredmedia":[{"embeddable":true,"href":"https:\/\/www.museuhistoricosl.com.br\/loja\/wp-json\/wp\/v2\/media\/30489"}],"wp:attachment":[{"href":"https:\/\/www.museuhistoricosl.com.br\/loja\/wp-json\/wp\/v2\/media?parent=30490"}],"wp:term":[{"taxonomy":"product_cat","embeddable":true,"href":"https:\/\/www.museuhistoricosl.com.br\/loja\/wp-json\/wp\/v2\/product_cat?post=30490"},{"taxonomy":"product_tag","embeddable":true,"href":"https:\/\/www.museuhistoricosl.com.br\/loja\/wp-json\/wp\/v2\/product_tag?post=30490"}],"curies":[{"name":"wp","href":"https:\/\/api.w.org\/{rel}","templated":true}]}}