{"id":3049,"date":"2021-12-16T10:36:12","date_gmt":"2021-12-16T13:36:12","guid":{"rendered":"https:\/\/www.museuhistoricosl.com.br\/novosite\/produto\/sl016-fd-5020\/"},"modified":"2021-12-16T10:36:12","modified_gmt":"2021-12-16T13:36:12","slug":"sl016-fd-5020","status":"publish","type":"product","link":"https:\/\/www.museuhistoricosl.com.br\/loja\/produto\/sl016-fd-5020\/","title":{"rendered":"SL016-FD-5020"},"content":{"rendered":"<p>Reinhold Hold\u00f6rfer. Tapera: Waldemar, Armin. &#8211; C\u00f3digo anterior de cat\u00e1logo:FD sn\u00ba-20; Casas e Pr\u00e9dios; <\/p>\n","protected":false},"excerpt":{"rendered":"<p>Reinhold Hold\u00f6rfer. Tapera: Waldemar, Armin. &#8211; C\u00f3digo anterior de cat\u00e1logo:FD sn\u00ba-20; Casas e Pr\u00e9dios;<\/p>\n","protected":false},"featured_media":3048,"comment_status":"open","ping_status":"closed","template":"","meta":{"_acf_changed":false},"product_cat":[35],"product_tag":[],"class_list":["post-3049","product","type-product","status-publish","has-post-thumbnail","hentry","product_cat-casas-e-predios"],"acf":[],"_links":{"self":[{"href":"https:\/\/www.museuhistoricosl.com.br\/loja\/wp-json\/wp\/v2\/product\/3049","targetHints":{"allow":["GET"]}}],"collection":[{"href":"https:\/\/www.museuhistoricosl.com.br\/loja\/wp-json\/wp\/v2\/product"}],"about":[{"href":"https:\/\/www.museuhistoricosl.com.br\/loja\/wp-json\/wp\/v2\/types\/product"}],"replies":[{"embeddable":true,"href":"https:\/\/www.museuhistoricosl.com.br\/loja\/wp-json\/wp\/v2\/comments?post=3049"}],"wp:featuredmedia":[{"embeddable":true,"href":"https:\/\/www.museuhistoricosl.com.br\/loja\/wp-json\/wp\/v2\/media\/3048"}],"wp:attachment":[{"href":"https:\/\/www.museuhistoricosl.com.br\/loja\/wp-json\/wp\/v2\/media?parent=3049"}],"wp:term":[{"taxonomy":"product_cat","embeddable":true,"href":"https:\/\/www.museuhistoricosl.com.br\/loja\/wp-json\/wp\/v2\/product_cat?post=3049"},{"taxonomy":"product_tag","embeddable":true,"href":"https:\/\/www.museuhistoricosl.com.br\/loja\/wp-json\/wp\/v2\/product_tag?post=3049"}],"curies":[{"name":"wp","href":"https:\/\/api.w.org\/{rel}","templated":true}]}}