{"id":30484,"date":"2022-01-07T07:51:17","date_gmt":"2022-01-07T10:51:17","guid":{"rendered":"https:\/\/www.museuhistoricosl.com.br\/loja\/produto\/sl046-fd-0041\/"},"modified":"2022-01-07T07:51:17","modified_gmt":"2022-01-07T10:51:17","slug":"sl046-fd-0041","status":"publish","type":"product","link":"https:\/\/www.museuhistoricosl.com.br\/loja\/produto\/sl046-fd-0041\/","title":{"rendered":"SL046-FD-0041"},"content":{"rendered":"<p>Parte do p\u00fablico: 1 Consulesa Gessy Martinez, 2 Juan Carlos Martinez, c\u00f4nsul do Paraguai, 3 Irm\u00e3 Magda Meyer, 4 Edgar Feldmann, 5 Ruth Bier Wendt, 6 Ilma Moehlecke, 7 Pedro Hoffmann, 8 Edwino Wendt, 9 Maria Wieck, 10 Lia Hoefel, 11 Em\u00edlio M. M\u00fcller, descendente, por parte de m\u00e3e, da 1\u00aa leva de imigrantes, fam\u00edlia K\u00fcmmel, 12 Hedy Horbach. &#8211; C\u00f3digo anterior de cat\u00e1logo:FD 46-41; Feitoria Velha; <\/p>\n","protected":false},"excerpt":{"rendered":"<p>Parte do p\u00fablico: 1 Consulesa Gessy Martinez, 2 Juan Carlos Martinez, c\u00f4nsul do Paraguai, 3 Irm\u00e3 Magda Meyer, 4 Edgar<\/p>\n","protected":false},"featured_media":30483,"comment_status":"open","ping_status":"closed","template":"","meta":{"_acf_changed":false},"product_cat":[67],"product_tag":[],"class_list":["post-30484","product","type-product","status-publish","has-post-thumbnail","hentry","product_cat-feitoria-velha"],"acf":[],"_links":{"self":[{"href":"https:\/\/www.museuhistoricosl.com.br\/loja\/wp-json\/wp\/v2\/product\/30484","targetHints":{"allow":["GET"]}}],"collection":[{"href":"https:\/\/www.museuhistoricosl.com.br\/loja\/wp-json\/wp\/v2\/product"}],"about":[{"href":"https:\/\/www.museuhistoricosl.com.br\/loja\/wp-json\/wp\/v2\/types\/product"}],"replies":[{"embeddable":true,"href":"https:\/\/www.museuhistoricosl.com.br\/loja\/wp-json\/wp\/v2\/comments?post=30484"}],"wp:featuredmedia":[{"embeddable":true,"href":"https:\/\/www.museuhistoricosl.com.br\/loja\/wp-json\/wp\/v2\/media\/30483"}],"wp:attachment":[{"href":"https:\/\/www.museuhistoricosl.com.br\/loja\/wp-json\/wp\/v2\/media?parent=30484"}],"wp:term":[{"taxonomy":"product_cat","embeddable":true,"href":"https:\/\/www.museuhistoricosl.com.br\/loja\/wp-json\/wp\/v2\/product_cat?post=30484"},{"taxonomy":"product_tag","embeddable":true,"href":"https:\/\/www.museuhistoricosl.com.br\/loja\/wp-json\/wp\/v2\/product_tag?post=30484"}],"curies":[{"name":"wp","href":"https:\/\/api.w.org\/{rel}","templated":true}]}}