{"id":3041,"date":"2021-12-16T10:36:11","date_gmt":"2021-12-16T13:36:11","guid":{"rendered":"https:\/\/www.museuhistoricosl.com.br\/novosite\/produto\/sl016-fd-5016\/"},"modified":"2021-12-16T10:36:11","modified_gmt":"2021-12-16T13:36:11","slug":"sl016-fd-5016","status":"publish","type":"product","link":"https:\/\/www.museuhistoricosl.com.br\/loja\/produto\/sl016-fd-5016\/","title":{"rendered":"SL016-FD-5016"},"content":{"rendered":"<p>Col\u00f4nia de Neu-W\u00fcrttemberg (atual munic\u00edpio de Panambi), em 1908. Col\u00f4nia fundada pela Companhia de Coloniza\u00e7\u00e3o Hermann Mayer.   &#8211; C\u00f3digo anterior de cat\u00e1logo:FD sn\u00ba-16; Casas e Pr\u00e9dios; <\/p>\n","protected":false},"excerpt":{"rendered":"<p>Col\u00f4nia de Neu-W\u00fcrttemberg (atual munic\u00edpio de Panambi), em 1908. Col\u00f4nia fundada pela Companhia de Coloniza\u00e7\u00e3o Hermann Mayer. &#8211; C\u00f3digo anterior<\/p>\n","protected":false},"featured_media":3040,"comment_status":"open","ping_status":"closed","template":"","meta":{"_acf_changed":false},"product_cat":[35],"product_tag":[],"class_list":["post-3041","product","type-product","status-publish","has-post-thumbnail","hentry","product_cat-casas-e-predios"],"acf":[],"_links":{"self":[{"href":"https:\/\/www.museuhistoricosl.com.br\/loja\/wp-json\/wp\/v2\/product\/3041","targetHints":{"allow":["GET"]}}],"collection":[{"href":"https:\/\/www.museuhistoricosl.com.br\/loja\/wp-json\/wp\/v2\/product"}],"about":[{"href":"https:\/\/www.museuhistoricosl.com.br\/loja\/wp-json\/wp\/v2\/types\/product"}],"replies":[{"embeddable":true,"href":"https:\/\/www.museuhistoricosl.com.br\/loja\/wp-json\/wp\/v2\/comments?post=3041"}],"wp:featuredmedia":[{"embeddable":true,"href":"https:\/\/www.museuhistoricosl.com.br\/loja\/wp-json\/wp\/v2\/media\/3040"}],"wp:attachment":[{"href":"https:\/\/www.museuhistoricosl.com.br\/loja\/wp-json\/wp\/v2\/media?parent=3041"}],"wp:term":[{"taxonomy":"product_cat","embeddable":true,"href":"https:\/\/www.museuhistoricosl.com.br\/loja\/wp-json\/wp\/v2\/product_cat?post=3041"},{"taxonomy":"product_tag","embeddable":true,"href":"https:\/\/www.museuhistoricosl.com.br\/loja\/wp-json\/wp\/v2\/product_tag?post=3041"}],"curies":[{"name":"wp","href":"https:\/\/api.w.org\/{rel}","templated":true}]}}