{"id":30391,"date":"2022-01-06T09:36:11","date_gmt":"2022-01-06T12:36:11","guid":{"rendered":"https:\/\/www.museuhistoricosl.com.br\/loja\/produto\/sl038-fd-0084\/"},"modified":"2022-01-06T09:36:11","modified_gmt":"2022-01-06T12:36:11","slug":"sl038-fd-0084","status":"publish","type":"product","link":"https:\/\/www.museuhistoricosl.com.br\/loja\/produto\/sl038-fd-0084\/","title":{"rendered":"SL038-FD-0084"},"content":{"rendered":"<p>Recanto da Exposi\u00e7\u00e3o, S\u00e3o Leopoldo, RS,Paulo de Paula, 1983; Exposi\u00e7\u00e3o Industrial 1934; <\/p>\n","protected":false},"excerpt":{"rendered":"<p>Recanto da Exposi\u00e7\u00e3o, S\u00e3o Leopoldo, RS,Paulo de Paula, 1983; Exposi\u00e7\u00e3o Industrial 1934;<\/p>\n","protected":false},"featured_media":30390,"comment_status":"open","ping_status":"closed","template":"","meta":{"_acf_changed":false},"product_cat":[66],"product_tag":[],"class_list":["post-30391","product","type-product","status-publish","has-post-thumbnail","hentry","product_cat-exposicao-industrial-1934"],"acf":[],"_links":{"self":[{"href":"https:\/\/www.museuhistoricosl.com.br\/loja\/wp-json\/wp\/v2\/product\/30391","targetHints":{"allow":["GET"]}}],"collection":[{"href":"https:\/\/www.museuhistoricosl.com.br\/loja\/wp-json\/wp\/v2\/product"}],"about":[{"href":"https:\/\/www.museuhistoricosl.com.br\/loja\/wp-json\/wp\/v2\/types\/product"}],"replies":[{"embeddable":true,"href":"https:\/\/www.museuhistoricosl.com.br\/loja\/wp-json\/wp\/v2\/comments?post=30391"}],"wp:featuredmedia":[{"embeddable":true,"href":"https:\/\/www.museuhistoricosl.com.br\/loja\/wp-json\/wp\/v2\/media\/30390"}],"wp:attachment":[{"href":"https:\/\/www.museuhistoricosl.com.br\/loja\/wp-json\/wp\/v2\/media?parent=30391"}],"wp:term":[{"taxonomy":"product_cat","embeddable":true,"href":"https:\/\/www.museuhistoricosl.com.br\/loja\/wp-json\/wp\/v2\/product_cat?post=30391"},{"taxonomy":"product_tag","embeddable":true,"href":"https:\/\/www.museuhistoricosl.com.br\/loja\/wp-json\/wp\/v2\/product_tag?post=30391"}],"curies":[{"name":"wp","href":"https:\/\/api.w.org\/{rel}","templated":true}]}}