{"id":30305,"date":"2022-01-06T09:35:37","date_gmt":"2022-01-06T12:35:37","guid":{"rendered":"https:\/\/www.museuhistoricosl.com.br\/loja\/produto\/sl038-fd-0041\/"},"modified":"2022-01-06T09:35:37","modified_gmt":"2022-01-06T12:35:37","slug":"sl038-fd-0041","status":"publish","type":"product","link":"https:\/\/www.museuhistoricosl.com.br\/loja\/produto\/sl038-fd-0041\/","title":{"rendered":"SL038-FD-0041"},"content":{"rendered":"<p>Exposi\u00e7\u00e3o &#8220;110 anos de Imigra\u00e7\u00e3o Alem\u00e3 no Rio Grande do Sul&#8221;, stand da &#8220;F\u00e1brica de Balan\u00e7as Santo Ant\u00f4nio&#8221;, S\u00e3o Leopoldo, maio de 1934. &#8211; C\u00f3digo anterior de cat\u00e1logo:FD 38,41; Exposi\u00e7\u00e3o Industrial 1934; <\/p>\n","protected":false},"excerpt":{"rendered":"<p>Exposi\u00e7\u00e3o &#8220;110 anos de Imigra\u00e7\u00e3o Alem\u00e3 no Rio Grande do Sul&#8221;, stand da &#8220;F\u00e1brica de Balan\u00e7as Santo Ant\u00f4nio&#8221;, S\u00e3o Leopoldo,<\/p>\n","protected":false},"featured_media":30304,"comment_status":"open","ping_status":"closed","template":"","meta":{"_acf_changed":false},"product_cat":[66],"product_tag":[],"class_list":["post-30305","product","type-product","status-publish","has-post-thumbnail","hentry","product_cat-exposicao-industrial-1934"],"acf":[],"_links":{"self":[{"href":"https:\/\/www.museuhistoricosl.com.br\/loja\/wp-json\/wp\/v2\/product\/30305","targetHints":{"allow":["GET"]}}],"collection":[{"href":"https:\/\/www.museuhistoricosl.com.br\/loja\/wp-json\/wp\/v2\/product"}],"about":[{"href":"https:\/\/www.museuhistoricosl.com.br\/loja\/wp-json\/wp\/v2\/types\/product"}],"replies":[{"embeddable":true,"href":"https:\/\/www.museuhistoricosl.com.br\/loja\/wp-json\/wp\/v2\/comments?post=30305"}],"wp:featuredmedia":[{"embeddable":true,"href":"https:\/\/www.museuhistoricosl.com.br\/loja\/wp-json\/wp\/v2\/media\/30304"}],"wp:attachment":[{"href":"https:\/\/www.museuhistoricosl.com.br\/loja\/wp-json\/wp\/v2\/media?parent=30305"}],"wp:term":[{"taxonomy":"product_cat","embeddable":true,"href":"https:\/\/www.museuhistoricosl.com.br\/loja\/wp-json\/wp\/v2\/product_cat?post=30305"},{"taxonomy":"product_tag","embeddable":true,"href":"https:\/\/www.museuhistoricosl.com.br\/loja\/wp-json\/wp\/v2\/product_tag?post=30305"}],"curies":[{"name":"wp","href":"https:\/\/api.w.org\/{rel}","templated":true}]}}