{"id":30289,"date":"2022-01-06T09:35:31","date_gmt":"2022-01-06T12:35:31","guid":{"rendered":"https:\/\/www.museuhistoricosl.com.br\/loja\/produto\/sl038-fd-0033\/"},"modified":"2022-01-06T09:35:31","modified_gmt":"2022-01-06T12:35:31","slug":"sl038-fd-0033","status":"publish","type":"product","link":"https:\/\/www.museuhistoricosl.com.br\/loja\/produto\/sl038-fd-0033\/","title":{"rendered":"SL038-FD-0033"},"content":{"rendered":"<p>Exposi\u00e7\u00e3o &#8220;110 anos de Imigra\u00e7\u00e3o Alem\u00e3 no Rio Grande do Sul&#8221;, stand da &#8220;Loja de Couros de Augusto Hecktheuer Filho&#8221;, S\u00e3o Leopoldo, maio de 1934. &#8211; C\u00f3digo anterior de cat\u00e1logo:FD 38,33; Exposi\u00e7\u00e3o Industrial 1934; <\/p>\n","protected":false},"excerpt":{"rendered":"<p>Exposi\u00e7\u00e3o &#8220;110 anos de Imigra\u00e7\u00e3o Alem\u00e3 no Rio Grande do Sul&#8221;, stand da &#8220;Loja de Couros de Augusto Hecktheuer Filho&#8221;,<\/p>\n","protected":false},"featured_media":30288,"comment_status":"open","ping_status":"closed","template":"","meta":{"_acf_changed":false},"product_cat":[66],"product_tag":[],"class_list":["post-30289","product","type-product","status-publish","has-post-thumbnail","hentry","product_cat-exposicao-industrial-1934"],"acf":[],"_links":{"self":[{"href":"https:\/\/www.museuhistoricosl.com.br\/loja\/wp-json\/wp\/v2\/product\/30289","targetHints":{"allow":["GET"]}}],"collection":[{"href":"https:\/\/www.museuhistoricosl.com.br\/loja\/wp-json\/wp\/v2\/product"}],"about":[{"href":"https:\/\/www.museuhistoricosl.com.br\/loja\/wp-json\/wp\/v2\/types\/product"}],"replies":[{"embeddable":true,"href":"https:\/\/www.museuhistoricosl.com.br\/loja\/wp-json\/wp\/v2\/comments?post=30289"}],"wp:featuredmedia":[{"embeddable":true,"href":"https:\/\/www.museuhistoricosl.com.br\/loja\/wp-json\/wp\/v2\/media\/30288"}],"wp:attachment":[{"href":"https:\/\/www.museuhistoricosl.com.br\/loja\/wp-json\/wp\/v2\/media?parent=30289"}],"wp:term":[{"taxonomy":"product_cat","embeddable":true,"href":"https:\/\/www.museuhistoricosl.com.br\/loja\/wp-json\/wp\/v2\/product_cat?post=30289"},{"taxonomy":"product_tag","embeddable":true,"href":"https:\/\/www.museuhistoricosl.com.br\/loja\/wp-json\/wp\/v2\/product_tag?post=30289"}],"curies":[{"name":"wp","href":"https:\/\/api.w.org\/{rel}","templated":true}]}}