{"id":30225,"date":"2022-01-06T09:35:05","date_gmt":"2022-01-06T12:35:05","guid":{"rendered":"https:\/\/www.museuhistoricosl.com.br\/loja\/produto\/sl038-fd-0001\/"},"modified":"2022-01-06T09:35:05","modified_gmt":"2022-01-06T12:35:05","slug":"sl038-fd-0001","status":"publish","type":"product","link":"https:\/\/www.museuhistoricosl.com.br\/loja\/produto\/sl038-fd-0001\/","title":{"rendered":"SL038-FD-0001"},"content":{"rendered":"<p>Exposi\u00e7\u00e3o &#8220;110 Anos de Imigra\u00e7\u00e3o Alem\u00e3 no Rio Grande do Sul&#8221;, visitantes, S\u00e3o Leopoldo, maio de 1934. &#8211; C\u00f3digo anterior de cat\u00e1logo:FD 38,01; Exposi\u00e7\u00e3o Industrial 1934; <\/p>\n","protected":false},"excerpt":{"rendered":"<p>Exposi\u00e7\u00e3o &#8220;110 Anos de Imigra\u00e7\u00e3o Alem\u00e3 no Rio Grande do Sul&#8221;, visitantes, S\u00e3o Leopoldo, maio de 1934. &#8211; C\u00f3digo anterior<\/p>\n","protected":false},"featured_media":30224,"comment_status":"open","ping_status":"closed","template":"","meta":{"_acf_changed":false},"product_cat":[66],"product_tag":[],"class_list":["post-30225","product","type-product","status-publish","has-post-thumbnail","hentry","product_cat-exposicao-industrial-1934"],"acf":[],"_links":{"self":[{"href":"https:\/\/www.museuhistoricosl.com.br\/loja\/wp-json\/wp\/v2\/product\/30225","targetHints":{"allow":["GET"]}}],"collection":[{"href":"https:\/\/www.museuhistoricosl.com.br\/loja\/wp-json\/wp\/v2\/product"}],"about":[{"href":"https:\/\/www.museuhistoricosl.com.br\/loja\/wp-json\/wp\/v2\/types\/product"}],"replies":[{"embeddable":true,"href":"https:\/\/www.museuhistoricosl.com.br\/loja\/wp-json\/wp\/v2\/comments?post=30225"}],"wp:featuredmedia":[{"embeddable":true,"href":"https:\/\/www.museuhistoricosl.com.br\/loja\/wp-json\/wp\/v2\/media\/30224"}],"wp:attachment":[{"href":"https:\/\/www.museuhistoricosl.com.br\/loja\/wp-json\/wp\/v2\/media?parent=30225"}],"wp:term":[{"taxonomy":"product_cat","embeddable":true,"href":"https:\/\/www.museuhistoricosl.com.br\/loja\/wp-json\/wp\/v2\/product_cat?post=30225"},{"taxonomy":"product_tag","embeddable":true,"href":"https:\/\/www.museuhistoricosl.com.br\/loja\/wp-json\/wp\/v2\/product_tag?post=30225"}],"curies":[{"name":"wp","href":"https:\/\/api.w.org\/{rel}","templated":true}]}}