{"id":29990,"date":"2022-01-06T09:13:59","date_gmt":"2022-01-06T12:13:59","guid":{"rendered":"https:\/\/www.museuhistoricosl.com.br\/loja\/produto\/sl076-fd-0929\/"},"modified":"2022-01-06T09:13:59","modified_gmt":"2022-01-06T12:13:59","slug":"sl076-fd-0929","status":"publish","type":"product","link":"https:\/\/www.museuhistoricosl.com.br\/loja\/produto\/sl076-fd-0929\/","title":{"rendered":"SL076-FD-0929"},"content":{"rendered":"<p>Grupo Unam\u00e9rica, D\u00e3o Real (D) &#8211; Viol\u00e3o \/ voz, Jos\u00e9 Carlos Martins &#8211; voz, percuss\u00e3o, charango, zampo\u00f1a, Foto Jo\u00e3o Ricardo; Eventos, shows, feiras, cultura; <\/p>\n","protected":false},"excerpt":{"rendered":"<p>Grupo Unam\u00e9rica, D\u00e3o Real (D) &#8211; Viol\u00e3o \/ voz, Jos\u00e9 Carlos Martins &#8211; voz, percuss\u00e3o, charango, zampo\u00f1a, Foto Jo\u00e3o Ricardo;<\/p>\n","protected":false},"featured_media":29989,"comment_status":"open","ping_status":"closed","template":"","meta":{"_acf_changed":false},"product_cat":[65,62,64,63],"product_tag":[],"class_list":["post-29990","product","type-product","status-publish","has-post-thumbnail","hentry","product_cat-cultura","product_cat-eventos","product_cat-feiras","product_cat-shows"],"acf":[],"_links":{"self":[{"href":"https:\/\/www.museuhistoricosl.com.br\/loja\/wp-json\/wp\/v2\/product\/29990","targetHints":{"allow":["GET"]}}],"collection":[{"href":"https:\/\/www.museuhistoricosl.com.br\/loja\/wp-json\/wp\/v2\/product"}],"about":[{"href":"https:\/\/www.museuhistoricosl.com.br\/loja\/wp-json\/wp\/v2\/types\/product"}],"replies":[{"embeddable":true,"href":"https:\/\/www.museuhistoricosl.com.br\/loja\/wp-json\/wp\/v2\/comments?post=29990"}],"wp:featuredmedia":[{"embeddable":true,"href":"https:\/\/www.museuhistoricosl.com.br\/loja\/wp-json\/wp\/v2\/media\/29989"}],"wp:attachment":[{"href":"https:\/\/www.museuhistoricosl.com.br\/loja\/wp-json\/wp\/v2\/media?parent=29990"}],"wp:term":[{"taxonomy":"product_cat","embeddable":true,"href":"https:\/\/www.museuhistoricosl.com.br\/loja\/wp-json\/wp\/v2\/product_cat?post=29990"},{"taxonomy":"product_tag","embeddable":true,"href":"https:\/\/www.museuhistoricosl.com.br\/loja\/wp-json\/wp\/v2\/product_tag?post=29990"}],"curies":[{"name":"wp","href":"https:\/\/api.w.org\/{rel}","templated":true}]}}