{"id":29868,"date":"2022-01-06T09:13:00","date_gmt":"2022-01-06T12:13:00","guid":{"rendered":"https:\/\/www.museuhistoricosl.com.br\/loja\/produto\/sl076-fd-0868\/"},"modified":"2022-01-06T09:13:00","modified_gmt":"2022-01-06T12:13:00","slug":"sl076-fd-0868","status":"publish","type":"product","link":"https:\/\/www.museuhistoricosl.com.br\/loja\/produto\/sl076-fd-0868\/","title":{"rendered":"SL076-FD-0868"},"content":{"rendered":"<p>Banda Espa\u00e7o A\u00e9reo, Anderson J. de Farias, Luciano Reis, Dante A. Weber Jr., Eduardo Stradum, Fabr\u00edcio Carvalho, Foto Patr\u00edcia; Eventos, shows, feiras, cultura; <\/p>\n","protected":false},"excerpt":{"rendered":"<p>Banda Espa\u00e7o A\u00e9reo, Anderson J. de Farias, Luciano Reis, Dante A. Weber Jr., Eduardo Stradum, Fabr\u00edcio Carvalho, Foto Patr\u00edcia; Eventos,<\/p>\n","protected":false},"featured_media":29867,"comment_status":"open","ping_status":"closed","template":"","meta":{"_acf_changed":false},"product_cat":[65,62,64,63],"product_tag":[],"class_list":["post-29868","product","type-product","status-publish","has-post-thumbnail","hentry","product_cat-cultura","product_cat-eventos","product_cat-feiras","product_cat-shows"],"acf":[],"_links":{"self":[{"href":"https:\/\/www.museuhistoricosl.com.br\/loja\/wp-json\/wp\/v2\/product\/29868","targetHints":{"allow":["GET"]}}],"collection":[{"href":"https:\/\/www.museuhistoricosl.com.br\/loja\/wp-json\/wp\/v2\/product"}],"about":[{"href":"https:\/\/www.museuhistoricosl.com.br\/loja\/wp-json\/wp\/v2\/types\/product"}],"replies":[{"embeddable":true,"href":"https:\/\/www.museuhistoricosl.com.br\/loja\/wp-json\/wp\/v2\/comments?post=29868"}],"wp:featuredmedia":[{"embeddable":true,"href":"https:\/\/www.museuhistoricosl.com.br\/loja\/wp-json\/wp\/v2\/media\/29867"}],"wp:attachment":[{"href":"https:\/\/www.museuhistoricosl.com.br\/loja\/wp-json\/wp\/v2\/media?parent=29868"}],"wp:term":[{"taxonomy":"product_cat","embeddable":true,"href":"https:\/\/www.museuhistoricosl.com.br\/loja\/wp-json\/wp\/v2\/product_cat?post=29868"},{"taxonomy":"product_tag","embeddable":true,"href":"https:\/\/www.museuhistoricosl.com.br\/loja\/wp-json\/wp\/v2\/product_tag?post=29868"}],"curies":[{"name":"wp","href":"https:\/\/api.w.org\/{rel}","templated":true}]}}