{"id":29058,"date":"2022-01-06T09:06:42","date_gmt":"2022-01-06T12:06:42","guid":{"rendered":"https:\/\/www.museuhistoricosl.com.br\/loja\/produto\/sl076-fd-0463\/"},"modified":"2022-01-06T09:06:42","modified_gmt":"2022-01-06T12:06:42","slug":"sl076-fd-0463","status":"publish","type":"product","link":"https:\/\/www.museuhistoricosl.com.br\/loja\/produto\/sl076-fd-0463\/","title":{"rendered":"SL076-FD-0463"},"content":{"rendered":"<p>da esquerda para direita: Del Pereira Leal &#8211; vencedor do II FEMEC, melhor composi\u00e7\u00e3o, Carmem Denise dos Santos, melhor interpreta\u00e7\u00e3o, com a m\u00fasica &#8220;Foi Deus quem fez voc\u00ea&#8221;, Ant\u00f4nio Vedi Cruz, melhor interpreta\u00e7\u00e3o &#8211; n\u00edvel II, com a m\u00fasica 20 poucos anos, Francisco Santos, melhor composi\u00e7\u00e3o de n\u00edvel I, com a m\u00fasica &#8220;Cogumelo Atomico&#8221;; Eventos, shows, feiras, cultura; <\/p>\n","protected":false},"excerpt":{"rendered":"<p>da esquerda para direita: Del Pereira Leal &#8211; vencedor do II FEMEC, melhor composi\u00e7\u00e3o, Carmem Denise dos Santos, melhor interpreta\u00e7\u00e3o,<\/p>\n","protected":false},"featured_media":29057,"comment_status":"open","ping_status":"closed","template":"","meta":{"_acf_changed":false},"product_cat":[65,62,64,63],"product_tag":[],"class_list":["post-29058","product","type-product","status-publish","has-post-thumbnail","hentry","product_cat-cultura","product_cat-eventos","product_cat-feiras","product_cat-shows"],"acf":[],"_links":{"self":[{"href":"https:\/\/www.museuhistoricosl.com.br\/loja\/wp-json\/wp\/v2\/product\/29058","targetHints":{"allow":["GET"]}}],"collection":[{"href":"https:\/\/www.museuhistoricosl.com.br\/loja\/wp-json\/wp\/v2\/product"}],"about":[{"href":"https:\/\/www.museuhistoricosl.com.br\/loja\/wp-json\/wp\/v2\/types\/product"}],"replies":[{"embeddable":true,"href":"https:\/\/www.museuhistoricosl.com.br\/loja\/wp-json\/wp\/v2\/comments?post=29058"}],"wp:featuredmedia":[{"embeddable":true,"href":"https:\/\/www.museuhistoricosl.com.br\/loja\/wp-json\/wp\/v2\/media\/29057"}],"wp:attachment":[{"href":"https:\/\/www.museuhistoricosl.com.br\/loja\/wp-json\/wp\/v2\/media?parent=29058"}],"wp:term":[{"taxonomy":"product_cat","embeddable":true,"href":"https:\/\/www.museuhistoricosl.com.br\/loja\/wp-json\/wp\/v2\/product_cat?post=29058"},{"taxonomy":"product_tag","embeddable":true,"href":"https:\/\/www.museuhistoricosl.com.br\/loja\/wp-json\/wp\/v2\/product_tag?post=29058"}],"curies":[{"name":"wp","href":"https:\/\/api.w.org\/{rel}","templated":true}]}}