{"id":28458,"date":"2022-01-06T09:02:45","date_gmt":"2022-01-06T12:02:45","guid":{"rendered":"https:\/\/www.museuhistoricosl.com.br\/loja\/produto\/sl076-fd-0163\/"},"modified":"2022-01-06T09:02:45","modified_gmt":"2022-01-06T12:02:45","slug":"sl076-fd-0163","status":"publish","type":"product","link":"https:\/\/www.museuhistoricosl.com.br\/loja\/produto\/sl076-fd-0163\/","title":{"rendered":"SL076-FD-0163"},"content":{"rendered":"<p>Sociedade de Canto Fazenda S\u00e3o Borja, Edson Adair Cruz da Silva e a diretoria da Sociedade Cantores Arroio da Manteiga Em\u00edlio Arthur Schmidt, Afonso Mombach, luis Cl\u00e1udio Fornari, Jo\u00e3o Moraes Cardoso, Rubens Jo\u00e3o dos Santos, 07\/1984; Eventos, shows, feiras, cultura; <\/p>\n","protected":false},"excerpt":{"rendered":"<p>Sociedade de Canto Fazenda S\u00e3o Borja, Edson Adair Cruz da Silva e a diretoria da Sociedade Cantores Arroio da Manteiga<\/p>\n","protected":false},"featured_media":28457,"comment_status":"open","ping_status":"closed","template":"","meta":{"_acf_changed":false},"product_cat":[65,62,64,63],"product_tag":[],"class_list":["post-28458","product","type-product","status-publish","has-post-thumbnail","hentry","product_cat-cultura","product_cat-eventos","product_cat-feiras","product_cat-shows"],"acf":[],"_links":{"self":[{"href":"https:\/\/www.museuhistoricosl.com.br\/loja\/wp-json\/wp\/v2\/product\/28458","targetHints":{"allow":["GET"]}}],"collection":[{"href":"https:\/\/www.museuhistoricosl.com.br\/loja\/wp-json\/wp\/v2\/product"}],"about":[{"href":"https:\/\/www.museuhistoricosl.com.br\/loja\/wp-json\/wp\/v2\/types\/product"}],"replies":[{"embeddable":true,"href":"https:\/\/www.museuhistoricosl.com.br\/loja\/wp-json\/wp\/v2\/comments?post=28458"}],"wp:featuredmedia":[{"embeddable":true,"href":"https:\/\/www.museuhistoricosl.com.br\/loja\/wp-json\/wp\/v2\/media\/28457"}],"wp:attachment":[{"href":"https:\/\/www.museuhistoricosl.com.br\/loja\/wp-json\/wp\/v2\/media?parent=28458"}],"wp:term":[{"taxonomy":"product_cat","embeddable":true,"href":"https:\/\/www.museuhistoricosl.com.br\/loja\/wp-json\/wp\/v2\/product_cat?post=28458"},{"taxonomy":"product_tag","embeddable":true,"href":"https:\/\/www.museuhistoricosl.com.br\/loja\/wp-json\/wp\/v2\/product_tag?post=28458"}],"curies":[{"name":"wp","href":"https:\/\/api.w.org\/{rel}","templated":true}]}}