{"id":28352,"date":"2022-01-06T09:02:04","date_gmt":"2022-01-06T12:02:04","guid":{"rendered":"https:\/\/www.museuhistoricosl.com.br\/loja\/produto\/sl076-fd-0110\/"},"modified":"2022-01-06T09:02:04","modified_gmt":"2022-01-06T12:02:04","slug":"sl076-fd-0110","status":"publish","type":"product","link":"https:\/\/www.museuhistoricosl.com.br\/loja\/produto\/sl076-fd-0110\/","title":{"rendered":"SL076-FD-0110"},"content":{"rendered":"<p>Sociedade de Cantores Arrio da Manteiga, A homenagem da comunidade aos s\u00f3cios fundadores: Guilherme Heidrich, Jos\u00e9 Joq. Kaplan, Henrique Ebling, Frederico Emilio Berger, Jo\u00e3o Carlos Ebling, Rudolfo Heidrich, Francisco Kaplan, Jo\u00e3o Carlos von Hohendorff, Guilherme Steimbrech, Francisco Heidrich, Valentim Bayer, Jo\u00e3o von Hohendorff, Guilherme Steimbrech, Francisco Heidrich, Valentim Bayer, Jo\u00e3o von Hohendorff, Guilherme Berger, Pedro Franke, Antonio Heidrich, Jos\u00e9 Heidrich, Adolfo Heidrich, Andreas Ebling, Ludovico Steinbrech, Germano Berger; Eventos, shows, feiras, cultura; <\/p>\n","protected":false},"excerpt":{"rendered":"<p>Sociedade de Cantores Arrio da Manteiga, A homenagem da comunidade aos s\u00f3cios fundadores: Guilherme Heidrich, Jos\u00e9 Joq. Kaplan, Henrique Ebling,<\/p>\n","protected":false},"featured_media":28351,"comment_status":"open","ping_status":"closed","template":"","meta":{"_acf_changed":false},"product_cat":[65,62,64,63],"product_tag":[],"class_list":["post-28352","product","type-product","status-publish","has-post-thumbnail","hentry","product_cat-cultura","product_cat-eventos","product_cat-feiras","product_cat-shows"],"acf":[],"_links":{"self":[{"href":"https:\/\/www.museuhistoricosl.com.br\/loja\/wp-json\/wp\/v2\/product\/28352","targetHints":{"allow":["GET"]}}],"collection":[{"href":"https:\/\/www.museuhistoricosl.com.br\/loja\/wp-json\/wp\/v2\/product"}],"about":[{"href":"https:\/\/www.museuhistoricosl.com.br\/loja\/wp-json\/wp\/v2\/types\/product"}],"replies":[{"embeddable":true,"href":"https:\/\/www.museuhistoricosl.com.br\/loja\/wp-json\/wp\/v2\/comments?post=28352"}],"wp:featuredmedia":[{"embeddable":true,"href":"https:\/\/www.museuhistoricosl.com.br\/loja\/wp-json\/wp\/v2\/media\/28351"}],"wp:attachment":[{"href":"https:\/\/www.museuhistoricosl.com.br\/loja\/wp-json\/wp\/v2\/media?parent=28352"}],"wp:term":[{"taxonomy":"product_cat","embeddable":true,"href":"https:\/\/www.museuhistoricosl.com.br\/loja\/wp-json\/wp\/v2\/product_cat?post=28352"},{"taxonomy":"product_tag","embeddable":true,"href":"https:\/\/www.museuhistoricosl.com.br\/loja\/wp-json\/wp\/v2\/product_tag?post=28352"}],"curies":[{"name":"wp","href":"https:\/\/api.w.org\/{rel}","templated":true}]}}