{"id":28342,"date":"2022-01-06T09:02:00","date_gmt":"2022-01-06T12:02:00","guid":{"rendered":"https:\/\/www.museuhistoricosl.com.br\/loja\/produto\/sl076-fd-0105\/"},"modified":"2022-01-06T09:02:00","modified_gmt":"2022-01-06T12:02:00","slug":"sl076-fd-0105","status":"publish","type":"product","link":"https:\/\/www.museuhistoricosl.com.br\/loja\/produto\/sl076-fd-0105\/","title":{"rendered":"SL076-FD-0105"},"content":{"rendered":"<p>Sociedade (Gr\u00eamio Atl\u00e9tico) Mau\u00e1, Feitoria, jantar baile, 29\/11\/1997, Foto J. Ferreira; Eventos, shows, feiras, cultura; <\/p>\n","protected":false},"excerpt":{"rendered":"<p>Sociedade (Gr\u00eamio Atl\u00e9tico) Mau\u00e1, Feitoria, jantar baile, 29\/11\/1997, Foto J. Ferreira; Eventos, shows, feiras, cultura;<\/p>\n","protected":false},"featured_media":28341,"comment_status":"open","ping_status":"closed","template":"","meta":{"_acf_changed":false},"product_cat":[65,62,64,63],"product_tag":[],"class_list":["post-28342","product","type-product","status-publish","has-post-thumbnail","hentry","product_cat-cultura","product_cat-eventos","product_cat-feiras","product_cat-shows"],"acf":[],"_links":{"self":[{"href":"https:\/\/www.museuhistoricosl.com.br\/loja\/wp-json\/wp\/v2\/product\/28342","targetHints":{"allow":["GET"]}}],"collection":[{"href":"https:\/\/www.museuhistoricosl.com.br\/loja\/wp-json\/wp\/v2\/product"}],"about":[{"href":"https:\/\/www.museuhistoricosl.com.br\/loja\/wp-json\/wp\/v2\/types\/product"}],"replies":[{"embeddable":true,"href":"https:\/\/www.museuhistoricosl.com.br\/loja\/wp-json\/wp\/v2\/comments?post=28342"}],"wp:featuredmedia":[{"embeddable":true,"href":"https:\/\/www.museuhistoricosl.com.br\/loja\/wp-json\/wp\/v2\/media\/28341"}],"wp:attachment":[{"href":"https:\/\/www.museuhistoricosl.com.br\/loja\/wp-json\/wp\/v2\/media?parent=28342"}],"wp:term":[{"taxonomy":"product_cat","embeddable":true,"href":"https:\/\/www.museuhistoricosl.com.br\/loja\/wp-json\/wp\/v2\/product_cat?post=28342"},{"taxonomy":"product_tag","embeddable":true,"href":"https:\/\/www.museuhistoricosl.com.br\/loja\/wp-json\/wp\/v2\/product_tag?post=28342"}],"curies":[{"name":"wp","href":"https:\/\/api.w.org\/{rel}","templated":true}]}}