{"id":2823,"date":"2021-12-16T10:35:22","date_gmt":"2021-12-16T13:35:22","guid":{"rendered":"https:\/\/www.museuhistoricosl.com.br\/novosite\/produto\/sl016-fd-0188\/"},"modified":"2021-12-16T10:35:22","modified_gmt":"2021-12-16T13:35:22","slug":"sl016-fd-0188","status":"publish","type":"product","link":"https:\/\/www.museuhistoricosl.com.br\/loja\/produto\/sl016-fd-0188\/","title":{"rendered":"SL016-FD-0188"},"content":{"rendered":"<p>Casa da Construtora Leopoldense Ltda., sendo poestamista Jo\u00e3o Thum\u00e9 (mais conhecido por Mauricio Thum\u00e9), situada &#8220;a rua Marques do Herval n\u00ba 1296 (antigo n\u00ba 5 da rua Sapuc\u00e1ia), esquina Ramiro Barcelos. A ser adquirida para a abertura da Av. Jo\u00e3o Correa; Casas e Pr\u00e9dios; <\/p>\n","protected":false},"excerpt":{"rendered":"<p>Casa da Construtora Leopoldense Ltda., sendo poestamista Jo\u00e3o Thum\u00e9 (mais conhecido por Mauricio Thum\u00e9), situada &#8220;a rua Marques do Herval<\/p>\n","protected":false},"featured_media":2822,"comment_status":"open","ping_status":"closed","template":"","meta":{"_acf_changed":false},"product_cat":[35],"product_tag":[],"class_list":["post-2823","product","type-product","status-publish","has-post-thumbnail","hentry","product_cat-casas-e-predios"],"acf":[],"_links":{"self":[{"href":"https:\/\/www.museuhistoricosl.com.br\/loja\/wp-json\/wp\/v2\/product\/2823","targetHints":{"allow":["GET"]}}],"collection":[{"href":"https:\/\/www.museuhistoricosl.com.br\/loja\/wp-json\/wp\/v2\/product"}],"about":[{"href":"https:\/\/www.museuhistoricosl.com.br\/loja\/wp-json\/wp\/v2\/types\/product"}],"replies":[{"embeddable":true,"href":"https:\/\/www.museuhistoricosl.com.br\/loja\/wp-json\/wp\/v2\/comments?post=2823"}],"wp:featuredmedia":[{"embeddable":true,"href":"https:\/\/www.museuhistoricosl.com.br\/loja\/wp-json\/wp\/v2\/media\/2822"}],"wp:attachment":[{"href":"https:\/\/www.museuhistoricosl.com.br\/loja\/wp-json\/wp\/v2\/media?parent=2823"}],"wp:term":[{"taxonomy":"product_cat","embeddable":true,"href":"https:\/\/www.museuhistoricosl.com.br\/loja\/wp-json\/wp\/v2\/product_cat?post=2823"},{"taxonomy":"product_tag","embeddable":true,"href":"https:\/\/www.museuhistoricosl.com.br\/loja\/wp-json\/wp\/v2\/product_tag?post=2823"}],"curies":[{"name":"wp","href":"https:\/\/api.w.org\/{rel}","templated":true}]}}