{"id":28208,"date":"2022-01-06T09:01:10","date_gmt":"2022-01-06T12:01:10","guid":{"rendered":"https:\/\/www.museuhistoricosl.com.br\/loja\/produto\/sl076-fd-0038\/"},"modified":"2022-01-06T09:01:10","modified_gmt":"2022-01-06T12:01:10","slug":"sl076-fd-0038","status":"publish","type":"product","link":"https:\/\/www.museuhistoricosl.com.br\/loja\/produto\/sl076-fd-0038\/","title":{"rendered":"SL076-FD-0038"},"content":{"rendered":"<p>G\u00e9ssica Grechi Am\u00e1ndio, Filha de Os\u00f3rio Jos\u00e9 e Alice Grechi Am\u00e2ndio; Eventos, shows, feiras, cultura; <\/p>\n","protected":false},"excerpt":{"rendered":"<p>G\u00e9ssica Grechi Am\u00e1ndio, Filha de Os\u00f3rio Jos\u00e9 e Alice Grechi Am\u00e2ndio; Eventos, shows, feiras, cultura;<\/p>\n","protected":false},"featured_media":28207,"comment_status":"open","ping_status":"closed","template":"","meta":{"_acf_changed":false},"product_cat":[65,62,64,63],"product_tag":[],"class_list":["post-28208","product","type-product","status-publish","has-post-thumbnail","hentry","product_cat-cultura","product_cat-eventos","product_cat-feiras","product_cat-shows"],"acf":[],"_links":{"self":[{"href":"https:\/\/www.museuhistoricosl.com.br\/loja\/wp-json\/wp\/v2\/product\/28208","targetHints":{"allow":["GET"]}}],"collection":[{"href":"https:\/\/www.museuhistoricosl.com.br\/loja\/wp-json\/wp\/v2\/product"}],"about":[{"href":"https:\/\/www.museuhistoricosl.com.br\/loja\/wp-json\/wp\/v2\/types\/product"}],"replies":[{"embeddable":true,"href":"https:\/\/www.museuhistoricosl.com.br\/loja\/wp-json\/wp\/v2\/comments?post=28208"}],"wp:featuredmedia":[{"embeddable":true,"href":"https:\/\/www.museuhistoricosl.com.br\/loja\/wp-json\/wp\/v2\/media\/28207"}],"wp:attachment":[{"href":"https:\/\/www.museuhistoricosl.com.br\/loja\/wp-json\/wp\/v2\/media?parent=28208"}],"wp:term":[{"taxonomy":"product_cat","embeddable":true,"href":"https:\/\/www.museuhistoricosl.com.br\/loja\/wp-json\/wp\/v2\/product_cat?post=28208"},{"taxonomy":"product_tag","embeddable":true,"href":"https:\/\/www.museuhistoricosl.com.br\/loja\/wp-json\/wp\/v2\/product_tag?post=28208"}],"curies":[{"name":"wp","href":"https:\/\/api.w.org\/{rel}","templated":true}]}}