{"id":28087,"date":"2022-01-06T08:46:07","date_gmt":"2022-01-06T11:46:07","guid":{"rendered":"https:\/\/www.museuhistoricosl.com.br\/loja\/produto\/sl037-fd-0127\/"},"modified":"2022-01-06T08:46:07","modified_gmt":"2022-01-06T11:46:07","slug":"sl037-fd-0127","status":"publish","type":"product","link":"https:\/\/www.museuhistoricosl.com.br\/loja\/produto\/sl037-fd-0127\/","title":{"rendered":"SL037-FD-0127"},"content":{"rendered":"<p>Grupo de Bol\u00e3o Club Torpedo. &#8211; C\u00f3digo anterior de cat\u00e1logo:FD 37,127; Esportes; <\/p>\n","protected":false},"excerpt":{"rendered":"<p>Grupo de Bol\u00e3o Club Torpedo. &#8211; C\u00f3digo anterior de cat\u00e1logo:FD 37,127; Esportes;<\/p>\n","protected":false},"featured_media":28086,"comment_status":"open","ping_status":"closed","template":"","meta":{"_acf_changed":false},"product_cat":[61],"product_tag":[],"class_list":["post-28087","product","type-product","status-publish","has-post-thumbnail","hentry","product_cat-esportes"],"acf":[],"_links":{"self":[{"href":"https:\/\/www.museuhistoricosl.com.br\/loja\/wp-json\/wp\/v2\/product\/28087","targetHints":{"allow":["GET"]}}],"collection":[{"href":"https:\/\/www.museuhistoricosl.com.br\/loja\/wp-json\/wp\/v2\/product"}],"about":[{"href":"https:\/\/www.museuhistoricosl.com.br\/loja\/wp-json\/wp\/v2\/types\/product"}],"replies":[{"embeddable":true,"href":"https:\/\/www.museuhistoricosl.com.br\/loja\/wp-json\/wp\/v2\/comments?post=28087"}],"wp:featuredmedia":[{"embeddable":true,"href":"https:\/\/www.museuhistoricosl.com.br\/loja\/wp-json\/wp\/v2\/media\/28086"}],"wp:attachment":[{"href":"https:\/\/www.museuhistoricosl.com.br\/loja\/wp-json\/wp\/v2\/media?parent=28087"}],"wp:term":[{"taxonomy":"product_cat","embeddable":true,"href":"https:\/\/www.museuhistoricosl.com.br\/loja\/wp-json\/wp\/v2\/product_cat?post=28087"},{"taxonomy":"product_tag","embeddable":true,"href":"https:\/\/www.museuhistoricosl.com.br\/loja\/wp-json\/wp\/v2\/product_tag?post=28087"}],"curies":[{"name":"wp","href":"https:\/\/api.w.org\/{rel}","templated":true}]}}