{"id":2799,"date":"2021-12-16T10:35:17","date_gmt":"2021-12-16T13:35:17","guid":{"rendered":"https:\/\/www.museuhistoricosl.com.br\/novosite\/produto\/sl016-fd-0176\/"},"modified":"2021-12-16T10:35:17","modified_gmt":"2021-12-16T13:35:17","slug":"sl016-fd-0176","status":"publish","type":"product","link":"https:\/\/www.museuhistoricosl.com.br\/loja\/produto\/sl016-fd-0176\/","title":{"rendered":"SL016-FD-0176"},"content":{"rendered":"<p>O casar\u00e3o no centro \u00e9 a atual Sociedade Orpheu, localizado na antiga Rua do Fogo ( atual Brasil ); Casas e Pr\u00e9dios; <\/p>\n","protected":false},"excerpt":{"rendered":"<p>O casar\u00e3o no centro \u00e9 a atual Sociedade Orpheu, localizado na antiga Rua do Fogo ( atual Brasil ); Casas<\/p>\n","protected":false},"featured_media":2798,"comment_status":"open","ping_status":"closed","template":"","meta":{"_acf_changed":false},"product_cat":[35],"product_tag":[],"class_list":["post-2799","product","type-product","status-publish","has-post-thumbnail","hentry","product_cat-casas-e-predios"],"acf":[],"_links":{"self":[{"href":"https:\/\/www.museuhistoricosl.com.br\/loja\/wp-json\/wp\/v2\/product\/2799","targetHints":{"allow":["GET"]}}],"collection":[{"href":"https:\/\/www.museuhistoricosl.com.br\/loja\/wp-json\/wp\/v2\/product"}],"about":[{"href":"https:\/\/www.museuhistoricosl.com.br\/loja\/wp-json\/wp\/v2\/types\/product"}],"replies":[{"embeddable":true,"href":"https:\/\/www.museuhistoricosl.com.br\/loja\/wp-json\/wp\/v2\/comments?post=2799"}],"wp:featuredmedia":[{"embeddable":true,"href":"https:\/\/www.museuhistoricosl.com.br\/loja\/wp-json\/wp\/v2\/media\/2798"}],"wp:attachment":[{"href":"https:\/\/www.museuhistoricosl.com.br\/loja\/wp-json\/wp\/v2\/media?parent=2799"}],"wp:term":[{"taxonomy":"product_cat","embeddable":true,"href":"https:\/\/www.museuhistoricosl.com.br\/loja\/wp-json\/wp\/v2\/product_cat?post=2799"},{"taxonomy":"product_tag","embeddable":true,"href":"https:\/\/www.museuhistoricosl.com.br\/loja\/wp-json\/wp\/v2\/product_tag?post=2799"}],"curies":[{"name":"wp","href":"https:\/\/api.w.org\/{rel}","templated":true}]}}