{"id":27929,"date":"2022-01-06T08:45:10","date_gmt":"2022-01-06T11:45:10","guid":{"rendered":"https:\/\/www.museuhistoricosl.com.br\/loja\/produto\/sl037-fd-0042\/"},"modified":"2022-01-06T08:45:10","modified_gmt":"2022-01-06T11:45:10","slug":"sl037-fd-0042","status":"publish","type":"product","link":"https:\/\/www.museuhistoricosl.com.br\/loja\/produto\/sl037-fd-0042\/","title":{"rendered":"SL037-FD-0042"},"content":{"rendered":"<p>Batismo de um barco &#8220;gig&#8221; 8 remos, no Rio Grandense, junto ao Parque N\u00e1utico Itapu\u00ed. Quem batizou o barco foi a Sra. Alzira Fonseca, esposa do prefeito Theodomiro Porto da Fonseca. &#8211; C\u00f3digo anterior de cat\u00e1logo:FD 37,42; Esportes; <\/p>\n","protected":false},"excerpt":{"rendered":"<p>Batismo de um barco &#8220;gig&#8221; 8 remos, no Rio Grandense, junto ao Parque N\u00e1utico Itapu\u00ed. Quem batizou o barco foi<\/p>\n","protected":false},"featured_media":27928,"comment_status":"open","ping_status":"closed","template":"","meta":{"_acf_changed":false},"product_cat":[61],"product_tag":[],"class_list":["post-27929","product","type-product","status-publish","has-post-thumbnail","hentry","product_cat-esportes"],"acf":[],"_links":{"self":[{"href":"https:\/\/www.museuhistoricosl.com.br\/loja\/wp-json\/wp\/v2\/product\/27929","targetHints":{"allow":["GET"]}}],"collection":[{"href":"https:\/\/www.museuhistoricosl.com.br\/loja\/wp-json\/wp\/v2\/product"}],"about":[{"href":"https:\/\/www.museuhistoricosl.com.br\/loja\/wp-json\/wp\/v2\/types\/product"}],"replies":[{"embeddable":true,"href":"https:\/\/www.museuhistoricosl.com.br\/loja\/wp-json\/wp\/v2\/comments?post=27929"}],"wp:featuredmedia":[{"embeddable":true,"href":"https:\/\/www.museuhistoricosl.com.br\/loja\/wp-json\/wp\/v2\/media\/27928"}],"wp:attachment":[{"href":"https:\/\/www.museuhistoricosl.com.br\/loja\/wp-json\/wp\/v2\/media?parent=27929"}],"wp:term":[{"taxonomy":"product_cat","embeddable":true,"href":"https:\/\/www.museuhistoricosl.com.br\/loja\/wp-json\/wp\/v2\/product_cat?post=27929"},{"taxonomy":"product_tag","embeddable":true,"href":"https:\/\/www.museuhistoricosl.com.br\/loja\/wp-json\/wp\/v2\/product_tag?post=27929"}],"curies":[{"name":"wp","href":"https:\/\/api.w.org\/{rel}","templated":true}]}}