{"id":27927,"date":"2022-01-06T08:45:09","date_gmt":"2022-01-06T11:45:09","guid":{"rendered":"https:\/\/www.museuhistoricosl.com.br\/loja\/produto\/sl037-fd-0041\/"},"modified":"2022-01-06T08:45:09","modified_gmt":"2022-01-06T11:45:09","slug":"sl037-fd-0041","status":"publish","type":"product","link":"https:\/\/www.museuhistoricosl.com.br\/loja\/produto\/sl037-fd-0041\/","title":{"rendered":"SL037-FD-0041"},"content":{"rendered":"<p>Batismo de um barco &#8220;gig&#8221;, 8 remos, no Rio Grandense, junto ao Parque N\u00e1utico Itapu\u00ed. Quem batizou o barco foi a esposa de Prefeito T. P. da Fonseca. Na foto aparecem: Erich Seewald (Sociedade Gin\u00e1stica), Ingo Fuhrmann, Waldemar Schimidt, Felipe Brack, Oscar Vargas, Vicente Prieto, Willy Konrath, Hugo G\u00fctschow, Oscar Doerte, Ivo H\u00fcfner. &#8211; C\u00f3digo anterior de cat\u00e1logo:FD 37,41; Esportes; <\/p>\n","protected":false},"excerpt":{"rendered":"<p>Batismo de um barco &#8220;gig&#8221;, 8 remos, no Rio Grandense, junto ao Parque N\u00e1utico Itapu\u00ed. Quem batizou o barco foi<\/p>\n","protected":false},"featured_media":27926,"comment_status":"open","ping_status":"closed","template":"","meta":{"_acf_changed":false},"product_cat":[61],"product_tag":[],"class_list":["post-27927","product","type-product","status-publish","has-post-thumbnail","hentry","product_cat-esportes"],"acf":[],"_links":{"self":[{"href":"https:\/\/www.museuhistoricosl.com.br\/loja\/wp-json\/wp\/v2\/product\/27927","targetHints":{"allow":["GET"]}}],"collection":[{"href":"https:\/\/www.museuhistoricosl.com.br\/loja\/wp-json\/wp\/v2\/product"}],"about":[{"href":"https:\/\/www.museuhistoricosl.com.br\/loja\/wp-json\/wp\/v2\/types\/product"}],"replies":[{"embeddable":true,"href":"https:\/\/www.museuhistoricosl.com.br\/loja\/wp-json\/wp\/v2\/comments?post=27927"}],"wp:featuredmedia":[{"embeddable":true,"href":"https:\/\/www.museuhistoricosl.com.br\/loja\/wp-json\/wp\/v2\/media\/27926"}],"wp:attachment":[{"href":"https:\/\/www.museuhistoricosl.com.br\/loja\/wp-json\/wp\/v2\/media?parent=27927"}],"wp:term":[{"taxonomy":"product_cat","embeddable":true,"href":"https:\/\/www.museuhistoricosl.com.br\/loja\/wp-json\/wp\/v2\/product_cat?post=27927"},{"taxonomy":"product_tag","embeddable":true,"href":"https:\/\/www.museuhistoricosl.com.br\/loja\/wp-json\/wp\/v2\/product_tag?post=27927"}],"curies":[{"name":"wp","href":"https:\/\/api.w.org\/{rel}","templated":true}]}}