{"id":27893,"date":"2022-01-06T08:44:53","date_gmt":"2022-01-06T11:44:53","guid":{"rendered":"https:\/\/www.museuhistoricosl.com.br\/loja\/produto\/sl037-fd-0024\/"},"modified":"2022-01-06T08:44:53","modified_gmt":"2022-01-06T11:44:53","slug":"sl037-fd-0024","status":"publish","type":"product","link":"https:\/\/www.museuhistoricosl.com.br\/loja\/produto\/sl037-fd-0024\/","title":{"rendered":"SL037-FD-0024"},"content":{"rendered":"<p>Sociedade Gin\u00e1stica. S\u00e3o Leopoldo.  &#8211; C\u00f3digo anterior de cat\u00e1logo:FD 37,24; Esportes; <\/p>\n","protected":false},"excerpt":{"rendered":"<p>Sociedade Gin\u00e1stica. S\u00e3o Leopoldo. &#8211; C\u00f3digo anterior de cat\u00e1logo:FD 37,24; Esportes;<\/p>\n","protected":false},"featured_media":27892,"comment_status":"open","ping_status":"closed","template":"","meta":{"_acf_changed":false},"product_cat":[61],"product_tag":[],"class_list":["post-27893","product","type-product","status-publish","has-post-thumbnail","hentry","product_cat-esportes"],"acf":[],"_links":{"self":[{"href":"https:\/\/www.museuhistoricosl.com.br\/loja\/wp-json\/wp\/v2\/product\/27893","targetHints":{"allow":["GET"]}}],"collection":[{"href":"https:\/\/www.museuhistoricosl.com.br\/loja\/wp-json\/wp\/v2\/product"}],"about":[{"href":"https:\/\/www.museuhistoricosl.com.br\/loja\/wp-json\/wp\/v2\/types\/product"}],"replies":[{"embeddable":true,"href":"https:\/\/www.museuhistoricosl.com.br\/loja\/wp-json\/wp\/v2\/comments?post=27893"}],"wp:featuredmedia":[{"embeddable":true,"href":"https:\/\/www.museuhistoricosl.com.br\/loja\/wp-json\/wp\/v2\/media\/27892"}],"wp:attachment":[{"href":"https:\/\/www.museuhistoricosl.com.br\/loja\/wp-json\/wp\/v2\/media?parent=27893"}],"wp:term":[{"taxonomy":"product_cat","embeddable":true,"href":"https:\/\/www.museuhistoricosl.com.br\/loja\/wp-json\/wp\/v2\/product_cat?post=27893"},{"taxonomy":"product_tag","embeddable":true,"href":"https:\/\/www.museuhistoricosl.com.br\/loja\/wp-json\/wp\/v2\/product_tag?post=27893"}],"curies":[{"name":"wp","href":"https:\/\/api.w.org\/{rel}","templated":true}]}}