{"id":27889,"date":"2022-01-06T08:44:52","date_gmt":"2022-01-06T11:44:52","guid":{"rendered":"https:\/\/www.museuhistoricosl.com.br\/loja\/produto\/sl037-fd-0022\/"},"modified":"2022-01-06T08:44:52","modified_gmt":"2022-01-06T11:44:52","slug":"sl037-fd-0022","status":"publish","type":"product","link":"https:\/\/www.museuhistoricosl.com.br\/loja\/produto\/sl037-fd-0022\/","title":{"rendered":"SL037-FD-0022"},"content":{"rendered":"<p>Ehrenbrief f\u00fcr Edward Kusminski. Sociedade Gin\u00e1stica. S\u00e3o Leopoldo, 16\/04\/1921. &#8211; C\u00f3digo anterior de cat\u00e1logo:FD 37,22; Esportes; <\/p>\n","protected":false},"excerpt":{"rendered":"<p>Ehrenbrief f\u00fcr Edward Kusminski. Sociedade Gin\u00e1stica. S\u00e3o Leopoldo, 16\/04\/1921. &#8211; C\u00f3digo anterior de cat\u00e1logo:FD 37,22; Esportes;<\/p>\n","protected":false},"featured_media":27888,"comment_status":"open","ping_status":"closed","template":"","meta":{"_acf_changed":false},"product_cat":[61],"product_tag":[],"class_list":["post-27889","product","type-product","status-publish","has-post-thumbnail","hentry","product_cat-esportes"],"acf":[],"_links":{"self":[{"href":"https:\/\/www.museuhistoricosl.com.br\/loja\/wp-json\/wp\/v2\/product\/27889","targetHints":{"allow":["GET"]}}],"collection":[{"href":"https:\/\/www.museuhistoricosl.com.br\/loja\/wp-json\/wp\/v2\/product"}],"about":[{"href":"https:\/\/www.museuhistoricosl.com.br\/loja\/wp-json\/wp\/v2\/types\/product"}],"replies":[{"embeddable":true,"href":"https:\/\/www.museuhistoricosl.com.br\/loja\/wp-json\/wp\/v2\/comments?post=27889"}],"wp:featuredmedia":[{"embeddable":true,"href":"https:\/\/www.museuhistoricosl.com.br\/loja\/wp-json\/wp\/v2\/media\/27888"}],"wp:attachment":[{"href":"https:\/\/www.museuhistoricosl.com.br\/loja\/wp-json\/wp\/v2\/media?parent=27889"}],"wp:term":[{"taxonomy":"product_cat","embeddable":true,"href":"https:\/\/www.museuhistoricosl.com.br\/loja\/wp-json\/wp\/v2\/product_cat?post=27889"},{"taxonomy":"product_tag","embeddable":true,"href":"https:\/\/www.museuhistoricosl.com.br\/loja\/wp-json\/wp\/v2\/product_tag?post=27889"}],"curies":[{"name":"wp","href":"https:\/\/api.w.org\/{rel}","templated":true}]}}