{"id":27845,"date":"2022-01-06T08:44:37","date_gmt":"2022-01-06T11:44:37","guid":{"rendered":"https:\/\/www.museuhistoricosl.com.br\/loja\/produto\/sl036-fd-1446\/"},"modified":"2022-01-06T08:44:37","modified_gmt":"2022-01-06T11:44:37","slug":"sl036-fd-1446","status":"publish","type":"product","link":"https:\/\/www.museuhistoricosl.com.br\/loja\/produto\/sl036-fd-1446\/","title":{"rendered":"SL036-FD-1446"},"content":{"rendered":"<p>Carlos Olaviano de Paula (de chap\u00e9u e fatota), Arno Steigleder, Alfredo M\u00fcller, Guido Bier, Willi Seevald, Emilio Georg, Walter Turmann, Willi Schmidt, Ernesto D\u00f6rnte, Jo\u00e3o Hass, Pedro Concei\u00e7\u00e3o, Raul Rocha, Pertence a Ernesto Doernte, 22\/06\/1919; Esportes; <\/p>\n","protected":false},"excerpt":{"rendered":"<p>Carlos Olaviano de Paula (de chap\u00e9u e fatota), Arno Steigleder, Alfredo M\u00fcller, Guido Bier, Willi Seevald, Emilio Georg, Walter Turmann,<\/p>\n","protected":false},"featured_media":27844,"comment_status":"open","ping_status":"closed","template":"","meta":{"_acf_changed":false},"product_cat":[61],"product_tag":[],"class_list":["post-27845","product","type-product","status-publish","has-post-thumbnail","hentry","product_cat-esportes"],"acf":[],"_links":{"self":[{"href":"https:\/\/www.museuhistoricosl.com.br\/loja\/wp-json\/wp\/v2\/product\/27845","targetHints":{"allow":["GET"]}}],"collection":[{"href":"https:\/\/www.museuhistoricosl.com.br\/loja\/wp-json\/wp\/v2\/product"}],"about":[{"href":"https:\/\/www.museuhistoricosl.com.br\/loja\/wp-json\/wp\/v2\/types\/product"}],"replies":[{"embeddable":true,"href":"https:\/\/www.museuhistoricosl.com.br\/loja\/wp-json\/wp\/v2\/comments?post=27845"}],"wp:featuredmedia":[{"embeddable":true,"href":"https:\/\/www.museuhistoricosl.com.br\/loja\/wp-json\/wp\/v2\/media\/27844"}],"wp:attachment":[{"href":"https:\/\/www.museuhistoricosl.com.br\/loja\/wp-json\/wp\/v2\/media?parent=27845"}],"wp:term":[{"taxonomy":"product_cat","embeddable":true,"href":"https:\/\/www.museuhistoricosl.com.br\/loja\/wp-json\/wp\/v2\/product_cat?post=27845"},{"taxonomy":"product_tag","embeddable":true,"href":"https:\/\/www.museuhistoricosl.com.br\/loja\/wp-json\/wp\/v2\/product_tag?post=27845"}],"curies":[{"name":"wp","href":"https:\/\/api.w.org\/{rel}","templated":true}]}}