{"id":27701,"date":"2022-01-06T08:43:45","date_gmt":"2022-01-06T11:43:45","guid":{"rendered":"https:\/\/www.museuhistoricosl.com.br\/loja\/produto\/sl036-fd-1374\/"},"modified":"2022-01-06T08:43:45","modified_gmt":"2022-01-06T11:43:45","slug":"sl036-fd-1374","status":"publish","type":"product","link":"https:\/\/www.museuhistoricosl.com.br\/loja\/produto\/sl036-fd-1374\/","title":{"rendered":"SL036-FD-1374"},"content":{"rendered":"<p>Foto do T\u00eanis Clube durante a disputa da ta\u00e7a A.J. Renner com o T\u00eanis Clube Germania filiado ao Turner-Bund (Sogipa), Ernesto D\u00f6esnte; Esportes; <\/p>\n","protected":false},"excerpt":{"rendered":"<p>Foto do T\u00eanis Clube durante a disputa da ta\u00e7a A.J. Renner com o T\u00eanis Clube Germania filiado ao Turner-Bund (Sogipa),<\/p>\n","protected":false},"featured_media":27700,"comment_status":"open","ping_status":"closed","template":"","meta":{"_acf_changed":false},"product_cat":[61],"product_tag":[],"class_list":["post-27701","product","type-product","status-publish","has-post-thumbnail","hentry","product_cat-esportes"],"acf":[],"_links":{"self":[{"href":"https:\/\/www.museuhistoricosl.com.br\/loja\/wp-json\/wp\/v2\/product\/27701","targetHints":{"allow":["GET"]}}],"collection":[{"href":"https:\/\/www.museuhistoricosl.com.br\/loja\/wp-json\/wp\/v2\/product"}],"about":[{"href":"https:\/\/www.museuhistoricosl.com.br\/loja\/wp-json\/wp\/v2\/types\/product"}],"replies":[{"embeddable":true,"href":"https:\/\/www.museuhistoricosl.com.br\/loja\/wp-json\/wp\/v2\/comments?post=27701"}],"wp:featuredmedia":[{"embeddable":true,"href":"https:\/\/www.museuhistoricosl.com.br\/loja\/wp-json\/wp\/v2\/media\/27700"}],"wp:attachment":[{"href":"https:\/\/www.museuhistoricosl.com.br\/loja\/wp-json\/wp\/v2\/media?parent=27701"}],"wp:term":[{"taxonomy":"product_cat","embeddable":true,"href":"https:\/\/www.museuhistoricosl.com.br\/loja\/wp-json\/wp\/v2\/product_cat?post=27701"},{"taxonomy":"product_tag","embeddable":true,"href":"https:\/\/www.museuhistoricosl.com.br\/loja\/wp-json\/wp\/v2\/product_tag?post=27701"}],"curies":[{"name":"wp","href":"https:\/\/api.w.org\/{rel}","templated":true}]}}