{"id":27699,"date":"2022-01-06T08:43:44","date_gmt":"2022-01-06T11:43:44","guid":{"rendered":"https:\/\/www.museuhistoricosl.com.br\/loja\/produto\/sl036-fd-1373\/"},"modified":"2022-01-06T08:43:44","modified_gmt":"2022-01-06T11:43:44","slug":"sl036-fd-1373","status":"publish","type":"product","link":"https:\/\/www.museuhistoricosl.com.br\/loja\/produto\/sl036-fd-1373\/","title":{"rendered":"SL036-FD-1373"},"content":{"rendered":"<p>Jos\u00e9-Kate Wuttke, Raul-Isolde Wuttke e Hil\u00e1rio-V\u00e2nia Kessler, S\u00e3o Leopoldo T\u00eanis Clube, jantar do colono, 16\/07\/1984; Esportes; <\/p>\n","protected":false},"excerpt":{"rendered":"<p>Jos\u00e9-Kate Wuttke, Raul-Isolde Wuttke e Hil\u00e1rio-V\u00e2nia Kessler, S\u00e3o Leopoldo T\u00eanis Clube, jantar do colono, 16\/07\/1984; Esportes;<\/p>\n","protected":false},"featured_media":27698,"comment_status":"open","ping_status":"closed","template":"","meta":{"_acf_changed":false},"product_cat":[61],"product_tag":[],"class_list":["post-27699","product","type-product","status-publish","has-post-thumbnail","hentry","product_cat-esportes"],"acf":[],"_links":{"self":[{"href":"https:\/\/www.museuhistoricosl.com.br\/loja\/wp-json\/wp\/v2\/product\/27699","targetHints":{"allow":["GET"]}}],"collection":[{"href":"https:\/\/www.museuhistoricosl.com.br\/loja\/wp-json\/wp\/v2\/product"}],"about":[{"href":"https:\/\/www.museuhistoricosl.com.br\/loja\/wp-json\/wp\/v2\/types\/product"}],"replies":[{"embeddable":true,"href":"https:\/\/www.museuhistoricosl.com.br\/loja\/wp-json\/wp\/v2\/comments?post=27699"}],"wp:featuredmedia":[{"embeddable":true,"href":"https:\/\/www.museuhistoricosl.com.br\/loja\/wp-json\/wp\/v2\/media\/27698"}],"wp:attachment":[{"href":"https:\/\/www.museuhistoricosl.com.br\/loja\/wp-json\/wp\/v2\/media?parent=27699"}],"wp:term":[{"taxonomy":"product_cat","embeddable":true,"href":"https:\/\/www.museuhistoricosl.com.br\/loja\/wp-json\/wp\/v2\/product_cat?post=27699"},{"taxonomy":"product_tag","embeddable":true,"href":"https:\/\/www.museuhistoricosl.com.br\/loja\/wp-json\/wp\/v2\/product_tag?post=27699"}],"curies":[{"name":"wp","href":"https:\/\/api.w.org\/{rel}","templated":true}]}}