{"id":27635,"date":"2022-01-06T08:43:21","date_gmt":"2022-01-06T11:43:21","guid":{"rendered":"https:\/\/www.museuhistoricosl.com.br\/loja\/produto\/sl036-fd-1341\/"},"modified":"2022-01-06T08:43:21","modified_gmt":"2022-01-06T11:43:21","slug":"sl036-fd-1341","status":"publish","type":"product","link":"https:\/\/www.museuhistoricosl.com.br\/loja\/produto\/sl036-fd-1341\/","title":{"rendered":"SL036-FD-1341"},"content":{"rendered":"<p>Gr\u00eamio Foot-Ball Porto Alegrense, torcida faz festa na Independ\u00eancia pelo t\u00edtulo do Gauch\u00e3o 1985; Esportes; <\/p>\n","protected":false},"excerpt":{"rendered":"<p>Gr\u00eamio Foot-Ball Porto Alegrense, torcida faz festa na Independ\u00eancia pelo t\u00edtulo do Gauch\u00e3o 1985; Esportes;<\/p>\n","protected":false},"featured_media":27634,"comment_status":"open","ping_status":"closed","template":"","meta":{"_acf_changed":false},"product_cat":[61],"product_tag":[],"class_list":["post-27635","product","type-product","status-publish","has-post-thumbnail","hentry","product_cat-esportes"],"acf":[],"_links":{"self":[{"href":"https:\/\/www.museuhistoricosl.com.br\/loja\/wp-json\/wp\/v2\/product\/27635","targetHints":{"allow":["GET"]}}],"collection":[{"href":"https:\/\/www.museuhistoricosl.com.br\/loja\/wp-json\/wp\/v2\/product"}],"about":[{"href":"https:\/\/www.museuhistoricosl.com.br\/loja\/wp-json\/wp\/v2\/types\/product"}],"replies":[{"embeddable":true,"href":"https:\/\/www.museuhistoricosl.com.br\/loja\/wp-json\/wp\/v2\/comments?post=27635"}],"wp:featuredmedia":[{"embeddable":true,"href":"https:\/\/www.museuhistoricosl.com.br\/loja\/wp-json\/wp\/v2\/media\/27634"}],"wp:attachment":[{"href":"https:\/\/www.museuhistoricosl.com.br\/loja\/wp-json\/wp\/v2\/media?parent=27635"}],"wp:term":[{"taxonomy":"product_cat","embeddable":true,"href":"https:\/\/www.museuhistoricosl.com.br\/loja\/wp-json\/wp\/v2\/product_cat?post=27635"},{"taxonomy":"product_tag","embeddable":true,"href":"https:\/\/www.museuhistoricosl.com.br\/loja\/wp-json\/wp\/v2\/product_tag?post=27635"}],"curies":[{"name":"wp","href":"https:\/\/api.w.org\/{rel}","templated":true}]}}