{"id":2759,"date":"2021-12-16T10:35:11","date_gmt":"2021-12-16T13:35:11","guid":{"rendered":"https:\/\/www.museuhistoricosl.com.br\/novosite\/produto\/sl016-fd-0156\/"},"modified":"2021-12-16T10:35:11","modified_gmt":"2021-12-16T13:35:11","slug":"sl016-fd-0156","status":"publish","type":"product","link":"https:\/\/www.museuhistoricosl.com.br\/loja\/produto\/sl016-fd-0156\/","title":{"rendered":"SL016-FD-0156"},"content":{"rendered":"<p>Rua Indep\u00eancia, a direita Banco do Brasil, Jos\u00e9 Ribamar, Toto Aiciam; Casas e Pr\u00e9dios; <\/p>\n","protected":false},"excerpt":{"rendered":"<p>Rua Indep\u00eancia, a direita Banco do Brasil, Jos\u00e9 Ribamar, Toto Aiciam; Casas e Pr\u00e9dios;<\/p>\n","protected":false},"featured_media":2758,"comment_status":"open","ping_status":"closed","template":"","meta":{"_acf_changed":false},"product_cat":[35],"product_tag":[],"class_list":["post-2759","product","type-product","status-publish","has-post-thumbnail","hentry","product_cat-casas-e-predios"],"acf":[],"_links":{"self":[{"href":"https:\/\/www.museuhistoricosl.com.br\/loja\/wp-json\/wp\/v2\/product\/2759","targetHints":{"allow":["GET"]}}],"collection":[{"href":"https:\/\/www.museuhistoricosl.com.br\/loja\/wp-json\/wp\/v2\/product"}],"about":[{"href":"https:\/\/www.museuhistoricosl.com.br\/loja\/wp-json\/wp\/v2\/types\/product"}],"replies":[{"embeddable":true,"href":"https:\/\/www.museuhistoricosl.com.br\/loja\/wp-json\/wp\/v2\/comments?post=2759"}],"wp:featuredmedia":[{"embeddable":true,"href":"https:\/\/www.museuhistoricosl.com.br\/loja\/wp-json\/wp\/v2\/media\/2758"}],"wp:attachment":[{"href":"https:\/\/www.museuhistoricosl.com.br\/loja\/wp-json\/wp\/v2\/media?parent=2759"}],"wp:term":[{"taxonomy":"product_cat","embeddable":true,"href":"https:\/\/www.museuhistoricosl.com.br\/loja\/wp-json\/wp\/v2\/product_cat?post=2759"},{"taxonomy":"product_tag","embeddable":true,"href":"https:\/\/www.museuhistoricosl.com.br\/loja\/wp-json\/wp\/v2\/product_tag?post=2759"}],"curies":[{"name":"wp","href":"https:\/\/api.w.org\/{rel}","templated":true}]}}