{"id":27589,"date":"2022-01-06T08:43:03","date_gmt":"2022-01-06T11:43:03","guid":{"rendered":"https:\/\/www.museuhistoricosl.com.br\/loja\/produto\/sl036-fd-1318\/"},"modified":"2022-01-06T08:43:03","modified_gmt":"2022-01-06T11:43:03","slug":"sl036-fd-1318","status":"publish","type":"product","link":"https:\/\/www.museuhistoricosl.com.br\/loja\/produto\/sl036-fd-1318\/","title":{"rendered":"SL036-FD-1318"},"content":{"rendered":"<p>Torneio Abero de Ver\u00e3o Esmeralda 1979, Equipe do M\u00fcller, S\u00e3o Sebasti\u00e3o do Ca\u00ed; Esportes; <\/p>\n","protected":false},"excerpt":{"rendered":"<p>Torneio Abero de Ver\u00e3o Esmeralda 1979, Equipe do M\u00fcller, S\u00e3o Sebasti\u00e3o do Ca\u00ed; Esportes;<\/p>\n","protected":false},"featured_media":27588,"comment_status":"open","ping_status":"closed","template":"","meta":{"_acf_changed":false},"product_cat":[61],"product_tag":[],"class_list":["post-27589","product","type-product","status-publish","has-post-thumbnail","hentry","product_cat-esportes"],"acf":[],"_links":{"self":[{"href":"https:\/\/www.museuhistoricosl.com.br\/loja\/wp-json\/wp\/v2\/product\/27589","targetHints":{"allow":["GET"]}}],"collection":[{"href":"https:\/\/www.museuhistoricosl.com.br\/loja\/wp-json\/wp\/v2\/product"}],"about":[{"href":"https:\/\/www.museuhistoricosl.com.br\/loja\/wp-json\/wp\/v2\/types\/product"}],"replies":[{"embeddable":true,"href":"https:\/\/www.museuhistoricosl.com.br\/loja\/wp-json\/wp\/v2\/comments?post=27589"}],"wp:featuredmedia":[{"embeddable":true,"href":"https:\/\/www.museuhistoricosl.com.br\/loja\/wp-json\/wp\/v2\/media\/27588"}],"wp:attachment":[{"href":"https:\/\/www.museuhistoricosl.com.br\/loja\/wp-json\/wp\/v2\/media?parent=27589"}],"wp:term":[{"taxonomy":"product_cat","embeddable":true,"href":"https:\/\/www.museuhistoricosl.com.br\/loja\/wp-json\/wp\/v2\/product_cat?post=27589"},{"taxonomy":"product_tag","embeddable":true,"href":"https:\/\/www.museuhistoricosl.com.br\/loja\/wp-json\/wp\/v2\/product_tag?post=27589"}],"curies":[{"name":"wp","href":"https:\/\/api.w.org\/{rel}","templated":true}]}}