{"id":27573,"date":"2022-01-06T08:42:58","date_gmt":"2022-01-06T11:42:58","guid":{"rendered":"https:\/\/www.museuhistoricosl.com.br\/loja\/produto\/sl036-fd-1310\/"},"modified":"2022-01-06T08:42:58","modified_gmt":"2022-01-06T11:42:58","slug":"sl036-fd-1310","status":"publish","type":"product","link":"https:\/\/www.museuhistoricosl.com.br\/loja\/produto\/sl036-fd-1310\/","title":{"rendered":"SL036-FD-1310"},"content":{"rendered":"<p>Inaugura\u00e7\u00e3o do Setor Infantil Monteiro Lobato na Biblioteca P\u00fablica, Sala de Xadrez foi inaugurado tamb\u00e9m no dia da crian\u00e7a; Esportes; <\/p>\n","protected":false},"excerpt":{"rendered":"<p>Inaugura\u00e7\u00e3o do Setor Infantil Monteiro Lobato na Biblioteca P\u00fablica, Sala de Xadrez foi inaugurado tamb\u00e9m no dia da crian\u00e7a; Esportes;<\/p>\n","protected":false},"featured_media":27572,"comment_status":"open","ping_status":"closed","template":"","meta":{"_acf_changed":false},"product_cat":[61],"product_tag":[],"class_list":["post-27573","product","type-product","status-publish","has-post-thumbnail","hentry","product_cat-esportes"],"acf":[],"_links":{"self":[{"href":"https:\/\/www.museuhistoricosl.com.br\/loja\/wp-json\/wp\/v2\/product\/27573","targetHints":{"allow":["GET"]}}],"collection":[{"href":"https:\/\/www.museuhistoricosl.com.br\/loja\/wp-json\/wp\/v2\/product"}],"about":[{"href":"https:\/\/www.museuhistoricosl.com.br\/loja\/wp-json\/wp\/v2\/types\/product"}],"replies":[{"embeddable":true,"href":"https:\/\/www.museuhistoricosl.com.br\/loja\/wp-json\/wp\/v2\/comments?post=27573"}],"wp:featuredmedia":[{"embeddable":true,"href":"https:\/\/www.museuhistoricosl.com.br\/loja\/wp-json\/wp\/v2\/media\/27572"}],"wp:attachment":[{"href":"https:\/\/www.museuhistoricosl.com.br\/loja\/wp-json\/wp\/v2\/media?parent=27573"}],"wp:term":[{"taxonomy":"product_cat","embeddable":true,"href":"https:\/\/www.museuhistoricosl.com.br\/loja\/wp-json\/wp\/v2\/product_cat?post=27573"},{"taxonomy":"product_tag","embeddable":true,"href":"https:\/\/www.museuhistoricosl.com.br\/loja\/wp-json\/wp\/v2\/product_tag?post=27573"}],"curies":[{"name":"wp","href":"https:\/\/api.w.org\/{rel}","templated":true}]}}