{"id":27533,"date":"2022-01-06T08:42:36","date_gmt":"2022-01-06T11:42:36","guid":{"rendered":"https:\/\/www.museuhistoricosl.com.br\/loja\/produto\/sl036-fd-1290\/"},"modified":"2022-01-06T08:42:36","modified_gmt":"2022-01-06T11:42:36","slug":"sl036-fd-1290","status":"publish","type":"product","link":"https:\/\/www.museuhistoricosl.com.br\/loja\/produto\/sl036-fd-1290\/","title":{"rendered":"SL036-FD-1290"},"content":{"rendered":"<p>Equipe de Pingue Pongue da Gin\u00e1stica: Ivan, Renato, Lu\u00eds, Lauro, Norberto, Volnei, Safrol, Rog\u00e9rio e Valdevino, 08\/11\/1986; Esportes; <\/p>\n","protected":false},"excerpt":{"rendered":"<p>Equipe de Pingue Pongue da Gin\u00e1stica: Ivan, Renato, Lu\u00eds, Lauro, Norberto, Volnei, Safrol, Rog\u00e9rio e Valdevino, 08\/11\/1986; Esportes;<\/p>\n","protected":false},"featured_media":27532,"comment_status":"open","ping_status":"closed","template":"","meta":{"_acf_changed":false},"product_cat":[61],"product_tag":[],"class_list":["post-27533","product","type-product","status-publish","has-post-thumbnail","hentry","product_cat-esportes"],"acf":[],"_links":{"self":[{"href":"https:\/\/www.museuhistoricosl.com.br\/loja\/wp-json\/wp\/v2\/product\/27533","targetHints":{"allow":["GET"]}}],"collection":[{"href":"https:\/\/www.museuhistoricosl.com.br\/loja\/wp-json\/wp\/v2\/product"}],"about":[{"href":"https:\/\/www.museuhistoricosl.com.br\/loja\/wp-json\/wp\/v2\/types\/product"}],"replies":[{"embeddable":true,"href":"https:\/\/www.museuhistoricosl.com.br\/loja\/wp-json\/wp\/v2\/comments?post=27533"}],"wp:featuredmedia":[{"embeddable":true,"href":"https:\/\/www.museuhistoricosl.com.br\/loja\/wp-json\/wp\/v2\/media\/27532"}],"wp:attachment":[{"href":"https:\/\/www.museuhistoricosl.com.br\/loja\/wp-json\/wp\/v2\/media?parent=27533"}],"wp:term":[{"taxonomy":"product_cat","embeddable":true,"href":"https:\/\/www.museuhistoricosl.com.br\/loja\/wp-json\/wp\/v2\/product_cat?post=27533"},{"taxonomy":"product_tag","embeddable":true,"href":"https:\/\/www.museuhistoricosl.com.br\/loja\/wp-json\/wp\/v2\/product_tag?post=27533"}],"curies":[{"name":"wp","href":"https:\/\/api.w.org\/{rel}","templated":true}]}}