{"id":27515,"date":"2022-01-06T08:42:23","date_gmt":"2022-01-06T11:42:23","guid":{"rendered":"https:\/\/www.museuhistoricosl.com.br\/loja\/produto\/sl036-fd-1281\/"},"modified":"2022-01-06T08:42:23","modified_gmt":"2022-01-06T11:42:23","slug":"sl036-fd-1281","status":"publish","type":"product","link":"https:\/\/www.museuhistoricosl.com.br\/loja\/produto\/sl036-fd-1281\/","title":{"rendered":"SL036-FD-1281"},"content":{"rendered":"<p>Campeonato Brasileiro de Bicicross, na foto Jana\u00edma da Silva, Marco Ant\u00f4nio Freitas, Raquel Weissheimer, F\u00e1bio Leandro da Silva, Simone Perusso, Erlon Dutra Dias, Agna e Magda M\u00fcller e Rafael Silva, 30\/10\/1986; Esportes; <\/p>\n","protected":false},"excerpt":{"rendered":"<p>Campeonato Brasileiro de Bicicross, na foto Jana\u00edma da Silva, Marco Ant\u00f4nio Freitas, Raquel Weissheimer, F\u00e1bio Leandro da Silva, Simone Perusso,<\/p>\n","protected":false},"featured_media":27514,"comment_status":"open","ping_status":"closed","template":"","meta":{"_acf_changed":false},"product_cat":[61],"product_tag":[],"class_list":["post-27515","product","type-product","status-publish","has-post-thumbnail","hentry","product_cat-esportes"],"acf":[],"_links":{"self":[{"href":"https:\/\/www.museuhistoricosl.com.br\/loja\/wp-json\/wp\/v2\/product\/27515","targetHints":{"allow":["GET"]}}],"collection":[{"href":"https:\/\/www.museuhistoricosl.com.br\/loja\/wp-json\/wp\/v2\/product"}],"about":[{"href":"https:\/\/www.museuhistoricosl.com.br\/loja\/wp-json\/wp\/v2\/types\/product"}],"replies":[{"embeddable":true,"href":"https:\/\/www.museuhistoricosl.com.br\/loja\/wp-json\/wp\/v2\/comments?post=27515"}],"wp:featuredmedia":[{"embeddable":true,"href":"https:\/\/www.museuhistoricosl.com.br\/loja\/wp-json\/wp\/v2\/media\/27514"}],"wp:attachment":[{"href":"https:\/\/www.museuhistoricosl.com.br\/loja\/wp-json\/wp\/v2\/media?parent=27515"}],"wp:term":[{"taxonomy":"product_cat","embeddable":true,"href":"https:\/\/www.museuhistoricosl.com.br\/loja\/wp-json\/wp\/v2\/product_cat?post=27515"},{"taxonomy":"product_tag","embeddable":true,"href":"https:\/\/www.museuhistoricosl.com.br\/loja\/wp-json\/wp\/v2\/product_tag?post=27515"}],"curies":[{"name":"wp","href":"https:\/\/api.w.org\/{rel}","templated":true}]}}