{"id":27441,"date":"2022-01-06T08:41:55","date_gmt":"2022-01-06T11:41:55","guid":{"rendered":"https:\/\/www.museuhistoricosl.com.br\/loja\/produto\/sl036-fd-1244\/"},"modified":"2022-01-06T08:41:55","modified_gmt":"2022-01-06T11:41:55","slug":"sl036-fd-1244","status":"publish","type":"product","link":"https:\/\/www.museuhistoricosl.com.br\/loja\/produto\/sl036-fd-1244\/","title":{"rendered":"SL036-FD-1244"},"content":{"rendered":"<p>Homenagem ao atleta Jo\u00e3o Olschowky &#8220;Benem\u00e9rito do Esporte SL&#8221;, Abertura da II Olimp\u00edada SL, 14\/09\/1985; Esportes; <\/p>\n","protected":false},"excerpt":{"rendered":"<p>Homenagem ao atleta Jo\u00e3o Olschowky &#8220;Benem\u00e9rito do Esporte SL&#8221;, Abertura da II Olimp\u00edada SL, 14\/09\/1985; Esportes;<\/p>\n","protected":false},"featured_media":27440,"comment_status":"open","ping_status":"closed","template":"","meta":{"_acf_changed":false},"product_cat":[61],"product_tag":[],"class_list":["post-27441","product","type-product","status-publish","has-post-thumbnail","hentry","product_cat-esportes"],"acf":[],"_links":{"self":[{"href":"https:\/\/www.museuhistoricosl.com.br\/loja\/wp-json\/wp\/v2\/product\/27441","targetHints":{"allow":["GET"]}}],"collection":[{"href":"https:\/\/www.museuhistoricosl.com.br\/loja\/wp-json\/wp\/v2\/product"}],"about":[{"href":"https:\/\/www.museuhistoricosl.com.br\/loja\/wp-json\/wp\/v2\/types\/product"}],"replies":[{"embeddable":true,"href":"https:\/\/www.museuhistoricosl.com.br\/loja\/wp-json\/wp\/v2\/comments?post=27441"}],"wp:featuredmedia":[{"embeddable":true,"href":"https:\/\/www.museuhistoricosl.com.br\/loja\/wp-json\/wp\/v2\/media\/27440"}],"wp:attachment":[{"href":"https:\/\/www.museuhistoricosl.com.br\/loja\/wp-json\/wp\/v2\/media?parent=27441"}],"wp:term":[{"taxonomy":"product_cat","embeddable":true,"href":"https:\/\/www.museuhistoricosl.com.br\/loja\/wp-json\/wp\/v2\/product_cat?post=27441"},{"taxonomy":"product_tag","embeddable":true,"href":"https:\/\/www.museuhistoricosl.com.br\/loja\/wp-json\/wp\/v2\/product_tag?post=27441"}],"curies":[{"name":"wp","href":"https:\/\/api.w.org\/{rel}","templated":true}]}}