{"id":27337,"date":"2022-01-06T08:41:22","date_gmt":"2022-01-06T11:41:22","guid":{"rendered":"https:\/\/www.museuhistoricosl.com.br\/loja\/produto\/sl036-fd-1192\/"},"modified":"2022-01-06T08:41:22","modified_gmt":"2022-01-06T11:41:22","slug":"sl036-fd-1192","status":"publish","type":"product","link":"https:\/\/www.museuhistoricosl.com.br\/loja\/produto\/sl036-fd-1192\/","title":{"rendered":"SL036-FD-1192"},"content":{"rendered":"<p>O vice-prefeito, Hardi Lechtweis, entrega os pr\u00eamios ao campe\u00e3o do Xadrez 1985, Andr\u00e9 Freitas, 21\/12\/1985; Esportes; <\/p>\n","protected":false},"excerpt":{"rendered":"<p>O vice-prefeito, Hardi Lechtweis, entrega os pr\u00eamios ao campe\u00e3o do Xadrez 1985, Andr\u00e9 Freitas, 21\/12\/1985; Esportes;<\/p>\n","protected":false},"featured_media":27336,"comment_status":"open","ping_status":"closed","template":"","meta":{"_acf_changed":false},"product_cat":[61],"product_tag":[],"class_list":["post-27337","product","type-product","status-publish","has-post-thumbnail","hentry","product_cat-esportes"],"acf":[],"_links":{"self":[{"href":"https:\/\/www.museuhistoricosl.com.br\/loja\/wp-json\/wp\/v2\/product\/27337","targetHints":{"allow":["GET"]}}],"collection":[{"href":"https:\/\/www.museuhistoricosl.com.br\/loja\/wp-json\/wp\/v2\/product"}],"about":[{"href":"https:\/\/www.museuhistoricosl.com.br\/loja\/wp-json\/wp\/v2\/types\/product"}],"replies":[{"embeddable":true,"href":"https:\/\/www.museuhistoricosl.com.br\/loja\/wp-json\/wp\/v2\/comments?post=27337"}],"wp:featuredmedia":[{"embeddable":true,"href":"https:\/\/www.museuhistoricosl.com.br\/loja\/wp-json\/wp\/v2\/media\/27336"}],"wp:attachment":[{"href":"https:\/\/www.museuhistoricosl.com.br\/loja\/wp-json\/wp\/v2\/media?parent=27337"}],"wp:term":[{"taxonomy":"product_cat","embeddable":true,"href":"https:\/\/www.museuhistoricosl.com.br\/loja\/wp-json\/wp\/v2\/product_cat?post=27337"},{"taxonomy":"product_tag","embeddable":true,"href":"https:\/\/www.museuhistoricosl.com.br\/loja\/wp-json\/wp\/v2\/product_tag?post=27337"}],"curies":[{"name":"wp","href":"https:\/\/api.w.org\/{rel}","templated":true}]}}