{"id":27323,"date":"2022-01-06T08:41:17","date_gmt":"2022-01-06T11:41:17","guid":{"rendered":"https:\/\/www.museuhistoricosl.com.br\/loja\/produto\/sl036-fd-1185\/"},"modified":"2022-01-06T08:41:17","modified_gmt":"2022-01-06T11:41:17","slug":"sl036-fd-1185","status":"publish","type":"product","link":"https:\/\/www.museuhistoricosl.com.br\/loja\/produto\/sl036-fd-1185\/","title":{"rendered":"SL036-FD-1185"},"content":{"rendered":"<p>Campe\u00f5es Brasileiros Bicicross, Raquel Weisheime, Simone Perusso M6ller, Rafael Silva e Agna Magda M\u00fcller (V\u00e3o a Fran\u00e7a ), 30\/10\/1986; Esportes; <\/p>\n","protected":false},"excerpt":{"rendered":"<p>Campe\u00f5es Brasileiros Bicicross, Raquel Weisheime, Simone Perusso M6ller, Rafael Silva e Agna Magda M\u00fcller (V\u00e3o a Fran\u00e7a ), 30\/10\/1986; Esportes;<\/p>\n","protected":false},"featured_media":27322,"comment_status":"open","ping_status":"closed","template":"","meta":{"_acf_changed":false},"product_cat":[61],"product_tag":[],"class_list":["post-27323","product","type-product","status-publish","has-post-thumbnail","hentry","product_cat-esportes"],"acf":[],"_links":{"self":[{"href":"https:\/\/www.museuhistoricosl.com.br\/loja\/wp-json\/wp\/v2\/product\/27323","targetHints":{"allow":["GET"]}}],"collection":[{"href":"https:\/\/www.museuhistoricosl.com.br\/loja\/wp-json\/wp\/v2\/product"}],"about":[{"href":"https:\/\/www.museuhistoricosl.com.br\/loja\/wp-json\/wp\/v2\/types\/product"}],"replies":[{"embeddable":true,"href":"https:\/\/www.museuhistoricosl.com.br\/loja\/wp-json\/wp\/v2\/comments?post=27323"}],"wp:featuredmedia":[{"embeddable":true,"href":"https:\/\/www.museuhistoricosl.com.br\/loja\/wp-json\/wp\/v2\/media\/27322"}],"wp:attachment":[{"href":"https:\/\/www.museuhistoricosl.com.br\/loja\/wp-json\/wp\/v2\/media?parent=27323"}],"wp:term":[{"taxonomy":"product_cat","embeddable":true,"href":"https:\/\/www.museuhistoricosl.com.br\/loja\/wp-json\/wp\/v2\/product_cat?post=27323"},{"taxonomy":"product_tag","embeddable":true,"href":"https:\/\/www.museuhistoricosl.com.br\/loja\/wp-json\/wp\/v2\/product_tag?post=27323"}],"curies":[{"name":"wp","href":"https:\/\/api.w.org\/{rel}","templated":true}]}}