{"id":27155,"date":"2022-01-06T08:40:22","date_gmt":"2022-01-06T11:40:22","guid":{"rendered":"https:\/\/www.museuhistoricosl.com.br\/loja\/produto\/sl036-fd-1101\/"},"modified":"2022-01-06T08:40:22","modified_gmt":"2022-01-06T11:40:22","slug":"sl036-fd-1101","status":"publish","type":"product","link":"https:\/\/www.museuhistoricosl.com.br\/loja\/produto\/sl036-fd-1101\/","title":{"rendered":"SL036-FD-1101"},"content":{"rendered":"<p>Clubes Sociais, Ex-Atletas profissionais de S\u00e3o Leopoldo, em p\u00e9: Ubiragara Pereira Lima (Bira), Marino da Silva e \u00e8rico, abaixados: Jair Garcia Rodrigues, Reni Oliveira (G\u00e3o), Tarcisio Meurer, 1977; Esportes; <\/p>\n","protected":false},"excerpt":{"rendered":"<p>Clubes Sociais, Ex-Atletas profissionais de S\u00e3o Leopoldo, em p\u00e9: Ubiragara Pereira Lima (Bira), Marino da Silva e \u00e8rico, abaixados: Jair<\/p>\n","protected":false},"featured_media":27154,"comment_status":"open","ping_status":"closed","template":"","meta":{"_acf_changed":false},"product_cat":[61],"product_tag":[],"class_list":["post-27155","product","type-product","status-publish","has-post-thumbnail","hentry","product_cat-esportes"],"acf":[],"_links":{"self":[{"href":"https:\/\/www.museuhistoricosl.com.br\/loja\/wp-json\/wp\/v2\/product\/27155","targetHints":{"allow":["GET"]}}],"collection":[{"href":"https:\/\/www.museuhistoricosl.com.br\/loja\/wp-json\/wp\/v2\/product"}],"about":[{"href":"https:\/\/www.museuhistoricosl.com.br\/loja\/wp-json\/wp\/v2\/types\/product"}],"replies":[{"embeddable":true,"href":"https:\/\/www.museuhistoricosl.com.br\/loja\/wp-json\/wp\/v2\/comments?post=27155"}],"wp:featuredmedia":[{"embeddable":true,"href":"https:\/\/www.museuhistoricosl.com.br\/loja\/wp-json\/wp\/v2\/media\/27154"}],"wp:attachment":[{"href":"https:\/\/www.museuhistoricosl.com.br\/loja\/wp-json\/wp\/v2\/media?parent=27155"}],"wp:term":[{"taxonomy":"product_cat","embeddable":true,"href":"https:\/\/www.museuhistoricosl.com.br\/loja\/wp-json\/wp\/v2\/product_cat?post=27155"},{"taxonomy":"product_tag","embeddable":true,"href":"https:\/\/www.museuhistoricosl.com.br\/loja\/wp-json\/wp\/v2\/product_tag?post=27155"}],"curies":[{"name":"wp","href":"https:\/\/api.w.org\/{rel}","templated":true}]}}